{"id":98,"date":"2024-09-06T12:04:46","date_gmt":"2024-09-06T12:04:46","guid":{"rendered":"https:\/\/penjaq.fi\/musiikki\/?page_id=98"},"modified":"2026-03-31T17:30:33","modified_gmt":"2026-03-31T17:30:33","slug":"farkunsininen","status":"publish","type":"page","link":"https:\/\/penjaq.fi\/musiikki\/farkunsininen\/","title":{"rendered":"Farkunsininen"},"content":{"rendered":"\n<pre class=\"wp-block-preformatted\">(Capo 3)<br><strong>Riffi<\/strong>: d-e-b A Em7 A<br><br>     A                         AMaj7<br>Vain muutaman asian tarvitsen, ett\u00e4 olen onnellinen:<br><span style=\"font-kerning: none;\"><\/span>A7                         Em<br>Jalat kuivat ja syd\u00e4n t\u00e4ys j\u00e4lkeen sateiden.<br><br>D<br>Avataan se laatikkoviini<br>    D7<br>Kun tuoksuu jasmiini ja<br>Bbm                 A<br>Farkunsininen on elokuu<br>D<br>Avataan se laatikkoviini<br>    D7<br>Kun tuoksuu jasmiini ja<br>Bbm                 A<br>Farkunsininen on elokuu<br>A         Em         A<br>Niin yksi toive toteutuu<br><strong>Riffi<\/strong><br><br>Vain muutaman asian tarvitsen, ett\u00e4 olen onnellinen:<br>Tuuli hiuksesi sekoittaa niin kuin kujeillen.<br>Kiiltomatojen <br>show on pienimuotoinen ja<br>Farkunsininen on elokuu<br>Kiiltomatojen<br>show on pienimuotoinen ja<br>Farkunsininen on elokuu<br>Soitetaanko Juicen I love you<br>Riffi<br><br>Vain muutaman asian tarvitsen, ett\u00e4 olen onnellinen:<br>Kaunis oli eilinen,<br>Nyt alkaa huominen<br>Koiranunta vaan<br>Nukkuu koira kopissaan ja<br>Farkunsininen on elokuu<br>Koiranunta vaan<br>Nukkuu koira kopissaan ja<br>Farkunsininen on elokuu<br>Niin yksi toive toteutuu<br><br>LOPETUS<br>Avataan se laatikkoviini, kun tuoksuu jasmiini ja<br>Farkunsininen on elokuu<br>Avataan se laatikkoviini, kun tuoksuu jasmiini ja<br>Farkunsininen on elokuu<br>Taas yksi taika tapahtuu<br><br>all rights reserved == penjaq Pentti Kuvaja ==<\/pre>\n","protected":false},"excerpt":{"rendered":"<p>(Capo 3)Riffi: d-e-b A Em7 A A AMaj7Vain muutaman asian tarvitsen, ett\u00e4 [&hellip;]<\/p>\n","protected":false},"author":1,"featured_media":0,"parent":0,"menu_order":0,"comment_status":"closed","ping_status":"closed","template":"","meta":{"footnotes":""},"class_list":["post-98","page","type-page","status-publish","hentry"],"_links":{"self":[{"href":"https:\/\/penjaq.fi\/musiikki\/wp-json\/wp\/v2\/pages\/98","targetHints":{"allow":["GET"]}}],"collection":[{"href":"https:\/\/penjaq.fi\/musiikki\/wp-json\/wp\/v2\/pages"}],"about":[{"href":"https:\/\/penjaq.fi\/musiikki\/wp-json\/wp\/v2\/types\/page"}],"author":[{"embeddable":true,"href":"https:\/\/penjaq.fi\/musiikki\/wp-json\/wp\/v2\/users\/1"}],"replies":[{"embeddable":true,"href":"https:\/\/penjaq.fi\/musiikki\/wp-json\/wp\/v2\/comments?post=98"}],"version-history":[{"count":18,"href":"https:\/\/penjaq.fi\/musiikki\/wp-json\/wp\/v2\/pages\/98\/revisions"}],"predecessor-version":[{"id":699,"href":"https:\/\/penjaq.fi\/musiikki\/wp-json\/wp\/v2\/pages\/98\/revisions\/699"}],"wp:attachment":[{"href":"https:\/\/penjaq.fi\/musiikki\/wp-json\/wp\/v2\/media?parent=98"}],"curies":[{"name":"wp","href":"https:\/\/api.w.org\/{rel}","templated":true}]}}