{"id":76,"date":"2024-09-04T16:38:15","date_gmt":"2024-09-04T16:38:15","guid":{"rendered":"https:\/\/penjaq.fi\/musiikki\/?page_id=76"},"modified":"2024-12-07T17:28:16","modified_gmt":"2024-12-07T17:28:16","slug":"lasinkirkas-yo","status":"publish","type":"page","link":"https:\/\/penjaq.fi\/musiikki\/lasinkirkas-yo\/","title":{"rendered":"Lasinkirkas y\u00f6"},"content":{"rendered":"\n<pre class=\"wp-block-preformatted\">A1:<br>G     Em          Am<br>Y\u00f6 on lasinkirkas y\u00f6,<br>   C<br>ja sormenp\u00e4it\u00e4 koskettaa<br>D<br>taivaan kaikki t\u00e4hdet.<br>G          Em         D<br>Ne loistaa vanhaa valoaan!<br>Cm\t <br>Ikuisuus on hetki,<br>     D<br>vain Linnunradan siivenisku.<br>G     Em          D<br>Y\u00f6 on lasinkirkas y\u00f6!<br>C     D<br><br>A2:<br>Y\u00f6 on lasinkirkas y\u00f6,<br>ja puhalluksen p\u00e4\u00e4ss\u00e4<br>on pys\u00e4htyneet t\u00e4hdet.<br>Ne hengityst\u00e4\u00e4n pid\u00e4tt\u00e4\u00e4:<br>Ne tiet\u00e4\u00e4 vastaukset.<br>Ne tiet\u00e4\u00e4 ett\u00e4 l\u00e4hdet.<br>Y\u00f6 on lasinkirkas y\u00f6!<br><br>A3:<br>Y\u00f6 on lasinkirkas y\u00f6.<br>Ja niin kuin ohimennen <br>on t\u00e4hdet kauempana.<br>Y\u00f6 on sata tarinaa.<br>On joka sana totta<br>ja rakkaushan on sana.<br>Y\u00f6 on lasinkirkas y\u00f6!<br><br>all rights reserved \/ penjaq == Pentti Kuvaja ==<\/pre>\n","protected":false},"excerpt":{"rendered":"<p>A1:G Em AmY\u00f6 on lasinkirkas y\u00f6, Cja sormenp\u00e4it\u00e4 koskettaaDtaivaan kaikki t\u00e4hdet.G Em [&hellip;]<\/p>\n","protected":false},"author":1,"featured_media":0,"parent":0,"menu_order":0,"comment_status":"closed","ping_status":"closed","template":"","meta":{"footnotes":""},"class_list":["post-76","page","type-page","status-publish","hentry"],"_links":{"self":[{"href":"https:\/\/penjaq.fi\/musiikki\/wp-json\/wp\/v2\/pages\/76","targetHints":{"allow":["GET"]}}],"collection":[{"href":"https:\/\/penjaq.fi\/musiikki\/wp-json\/wp\/v2\/pages"}],"about":[{"href":"https:\/\/penjaq.fi\/musiikki\/wp-json\/wp\/v2\/types\/page"}],"author":[{"embeddable":true,"href":"https:\/\/penjaq.fi\/musiikki\/wp-json\/wp\/v2\/users\/1"}],"replies":[{"embeddable":true,"href":"https:\/\/penjaq.fi\/musiikki\/wp-json\/wp\/v2\/comments?post=76"}],"version-history":[{"count":18,"href":"https:\/\/penjaq.fi\/musiikki\/wp-json\/wp\/v2\/pages\/76\/revisions"}],"predecessor-version":[{"id":224,"href":"https:\/\/penjaq.fi\/musiikki\/wp-json\/wp\/v2\/pages\/76\/revisions\/224"}],"wp:attachment":[{"href":"https:\/\/penjaq.fi\/musiikki\/wp-json\/wp\/v2\/media?parent=76"}],"curies":[{"name":"wp","href":"https:\/\/api.w.org\/{rel}","templated":true}]}}