{"id":688,"date":"2026-03-09T10:19:09","date_gmt":"2026-03-09T10:19:09","guid":{"rendered":"https:\/\/penjaq.fi\/musiikki\/?page_id=688"},"modified":"2026-03-09T10:40:00","modified_gmt":"2026-03-09T10:40:00","slug":"videot","status":"publish","type":"page","link":"https:\/\/penjaq.fi\/musiikki\/videot\/","title":{"rendered":"Videot"},"content":{"rendered":"\n<p><mark style=\"background-color:rgba(0, 0, 0, 0)\" class=\"has-inline-color has-yellow-color\"><strong>Youtube-soittolista: Lent\u00e4k\u00e4\u00e4 kuin linnut -levyjulkkarit<\/strong><\/mark><\/p>\n\n\n\n<figure class=\"wp-block-embed is-type-video is-provider-youtube wp-block-embed-youtube wp-embed-aspect-16-9 wp-has-aspect-ratio\"><div class=\"wp-block-embed__wrapper\">\n<iframe loading=\"lazy\" title=\"&quot;Lent\u00e4k\u00e4\u00e4 kuin linnut&quot; levyjulkkarit\" width=\"640\" height=\"360\" src=\"https:\/\/www.youtube.com\/embed\/videoseries?list=PLE8VCfh5sze4wVsO99YBNQfhq1YlcNa0k\" frameborder=\"0\" allow=\"accelerometer; autoplay; clipboard-write; encrypted-media; gyroscope; picture-in-picture; web-share\" referrerpolicy=\"strict-origin-when-cross-origin\" allowfullscreen><\/iframe>\n<\/div><\/figure>\n\n\n\n<p>N\u00e4m\u00e4 ja kaikki muutkin Penja Q -videot l\u00f6yd\u00e4t Youtube-kanavaltani:<\/p>\n\n\n\n<p><a href=\"https:\/\/youtube.com\/@penjaq\">https:\/\/youtube.com\/@penjaq<\/a><\/p>\n\n\n\n<p><\/p>\n","protected":false},"excerpt":{"rendered":"<p>Youtube-soittolista: Lent\u00e4k\u00e4\u00e4 kuin linnut -levyjulkkarit N\u00e4m\u00e4 ja kaikki muutkin Penja Q -videot [&hellip;]<\/p>\n","protected":false},"author":1,"featured_media":0,"parent":0,"menu_order":0,"comment_status":"closed","ping_status":"closed","template":"","meta":{"footnotes":""},"class_list":["post-688","page","type-page","status-publish","hentry"],"_links":{"self":[{"href":"https:\/\/penjaq.fi\/musiikki\/wp-json\/wp\/v2\/pages\/688","targetHints":{"allow":["GET"]}}],"collection":[{"href":"https:\/\/penjaq.fi\/musiikki\/wp-json\/wp\/v2\/pages"}],"about":[{"href":"https:\/\/penjaq.fi\/musiikki\/wp-json\/wp\/v2\/types\/page"}],"author":[{"embeddable":true,"href":"https:\/\/penjaq.fi\/musiikki\/wp-json\/wp\/v2\/users\/1"}],"replies":[{"embeddable":true,"href":"https:\/\/penjaq.fi\/musiikki\/wp-json\/wp\/v2\/comments?post=688"}],"version-history":[{"count":5,"href":"https:\/\/penjaq.fi\/musiikki\/wp-json\/wp\/v2\/pages\/688\/revisions"}],"predecessor-version":[{"id":696,"href":"https:\/\/penjaq.fi\/musiikki\/wp-json\/wp\/v2\/pages\/688\/revisions\/696"}],"wp:attachment":[{"href":"https:\/\/penjaq.fi\/musiikki\/wp-json\/wp\/v2\/media?parent=688"}],"curies":[{"name":"wp","href":"https:\/\/api.w.org\/{rel}","templated":true}]}}