{"id":68,"date":"2024-07-19T14:28:05","date_gmt":"2024-07-19T14:28:05","guid":{"rendered":"https:\/\/penjaq.fi\/musiikki\/?page_id=68"},"modified":"2024-07-19T14:28:05","modified_gmt":"2024-07-19T14:28:05","slug":"maailman-vahvin-tuuli","status":"publish","type":"page","link":"https:\/\/penjaq.fi\/musiikki\/maailman-vahvin-tuuli\/","title":{"rendered":"Maailman vahvin tuuli"},"content":{"rendered":"\n<pre class=\"wp-block-preformatted\">Maailman vahvin tuuli \/ Four Strong Winds <br> <br>V1:<br>       D           Em <br>Taitaa olla kuudes kerta <br>       A            D <br>Kun m\u00e4 l\u00e4hden pohjoiseen<br>       D            Em          A     A<br>Siell\u00e4 alkaa voisin kaiken uudelleen<br>       D             Em <br>Silti taas m\u00e4 pyyd\u00e4n sua:<br>       A            D <br>Voitko tulla mukaan mun?<br>       Em         G            A      A <br>Vaikka vastaus on tuskin muuttunut <br><br>CHORUS: <br>     D          Em <br>Maailman vahvin tuuli<br>     A           D <br>L\u00e4pi luiden puhaltaa <br>       D           Em            A   A <br>Vaikka tahdot sit\u00e4 tyyntym\u00e4\u00e4n et saa<br>      D            Em <br>Hyv\u00e4t ajat on ehk\u00e4 pois <br>      A         D <br>Mutta palata ne vois<br>      Em          G            A   A <br>Sinut etsin viel\u00e4 mukaan matkallein<br><br>V2: <br>          D            Em <br>Jos sinne p\u00e4\u00e4sen ennen ruskaa <br>      A             D <br>Viel\u00e4 kun on l\u00e4mmin s\u00e4\u00e4<br>      D          Em          A  A<br>Sulle matkalipun voisin l\u00e4hett\u00e4\u00e4 <br>      D             Em <br>Mutta sitten saapuu talvi<br>     A            D <br>Joka kietoo kylmyyteen<br>      Em             G           A    A<br>Ja ne tuulet leikkaa sielun syvyyteen<br> <br>CHORUS: <br>Maailman vahvin tuuli\u2026<br><br>INSTRUMENTAL: D Em A D D Em A <br> <br>       D             Em <br>Silti taas m\u00e4 pyyd\u00e4n sua:<br>       A            D <br>Voitko tulla mukaan mun?<br>       Em         G            A      A <br>Vaikka vastaus on tuskin muuttunut <br><br>CHORUS: <br>     D          Em <br>Maailman vahvin tuuli<br>     A           D <br>L\u00e4pi luiden puhaltaa <br>       D           Em            A   A <br>Vaikka tahdot sit\u00e4 tyyntym\u00e4\u00e4n et saa<br>      D            Em <br>Hyv\u00e4t ajat on ehk\u00e4 pois <br>      A         D <br>Mutta palata ne vois<br>      Em          G            A   A <br>Sinut etsin viel\u00e4 mukaan matkallein<br>      Em          G            A   A <br>Sinut etsin viel\u00e4 mukaan matkallein<br><br><br><br><br><\/pre>\n","protected":false},"excerpt":{"rendered":"<p>Maailman vahvin tuuli \/ Four Strong Winds V1: D Em Taitaa olla [&hellip;]<\/p>\n","protected":false},"author":1,"featured_media":0,"parent":0,"menu_order":0,"comment_status":"closed","ping_status":"closed","template":"","meta":{"footnotes":""},"class_list":["post-68","page","type-page","status-publish","hentry"],"_links":{"self":[{"href":"https:\/\/penjaq.fi\/musiikki\/wp-json\/wp\/v2\/pages\/68","targetHints":{"allow":["GET"]}}],"collection":[{"href":"https:\/\/penjaq.fi\/musiikki\/wp-json\/wp\/v2\/pages"}],"about":[{"href":"https:\/\/penjaq.fi\/musiikki\/wp-json\/wp\/v2\/types\/page"}],"author":[{"embeddable":true,"href":"https:\/\/penjaq.fi\/musiikki\/wp-json\/wp\/v2\/users\/1"}],"replies":[{"embeddable":true,"href":"https:\/\/penjaq.fi\/musiikki\/wp-json\/wp\/v2\/comments?post=68"}],"version-history":[{"count":1,"href":"https:\/\/penjaq.fi\/musiikki\/wp-json\/wp\/v2\/pages\/68\/revisions"}],"predecessor-version":[{"id":69,"href":"https:\/\/penjaq.fi\/musiikki\/wp-json\/wp\/v2\/pages\/68\/revisions\/69"}],"wp:attachment":[{"href":"https:\/\/penjaq.fi\/musiikki\/wp-json\/wp\/v2\/media?parent=68"}],"curies":[{"name":"wp","href":"https:\/\/api.w.org\/{rel}","templated":true}]}}