{"id":516,"date":"2025-11-30T09:31:44","date_gmt":"2025-11-30T09:31:44","guid":{"rendered":"https:\/\/penjaq.fi\/musiikki\/?page_id=516"},"modified":"2025-11-30T09:38:39","modified_gmt":"2025-11-30T09:38:39","slug":"kynttilat-sanat","status":"publish","type":"page","link":"https:\/\/penjaq.fi\/musiikki\/kynttilat-sanat\/","title":{"rendered":"Kynttil\u00e4t"},"content":{"rendered":"\n<p><a href=\"https:\/\/penjaq.fi\/musiikki\/kynttilat\/\" data-type=\"page\" data-id=\"519\">Soinnut<\/a><\/p>\n\n\n\n<pre class=\"wp-block-preformatted\">KYNTTIL\u00c4T (2025)<br><br>N\u00e4ink\u00f6 pian t\u00e4nne tultiin<br>N\u00e4ink\u00f6 helppoa t\u00e4\u00e4 on<br>Huviretki pientareelle<br>Voisin olla kuka vaan<br><br>Toiveille ja rukouksille<br>Kynttil\u00e4n nyt sytyt\u00e4n<br><br>Lupa antaa,     saada ja anoa<br>Ei yht\u00e4 pahaa   sanaa sanoa<br>Monta hyv\u00e4\u00e4     pient\u00e4 tekoa<br>Kultajyv\u00e4\u00e4      hiekan seassa<br><br>Kunnes kynttil\u00e4t on loppuun palaneet<br>Kunnes kynttil\u00e4t on loppuun palaneet<br>Kunnes kynttil\u00e4t on loppuun palaneet<br>Syd\u00e4n karrella<br>Sulaa vahaa<br>Pianonkannella<br><br>Voimaa ja     suurta rohkeutta<br>V\u00e4\u00e4ryyksi\u00e4    vastaan taistella<br>Totuudella    vastaan valheita<br>Oikeudella    vastaan julmuutta<br>Yht\u00e4 hyv\u00e4\u00e4    suurta tekoa<br>Kultajyv\u00e4\u00e4    hiekan seassa<br><br>Kunnes kynttil\u00e4t on loppuun palaneet<br>Kunnes kynttil\u00e4t on loppuun palaneet<br>Kunnes kynttil\u00e4t on loppuun palaneet<br>Syd\u00e4n karrella<br>Sulaa vahaa<br>Pianonkannella<br><br><\/pre>\n","protected":false},"excerpt":{"rendered":"<p>Soinnut KYNTTIL\u00c4T (2025)N\u00e4ink\u00f6 pian t\u00e4nne tultiinN\u00e4ink\u00f6 helppoa t\u00e4\u00e4 onHuviretki pientareelleVoisin olla kuka [&hellip;]<\/p>\n","protected":false},"author":1,"featured_media":0,"parent":0,"menu_order":0,"comment_status":"closed","ping_status":"closed","template":"","meta":{"footnotes":""},"class_list":["post-516","page","type-page","status-publish","hentry"],"_links":{"self":[{"href":"https:\/\/penjaq.fi\/musiikki\/wp-json\/wp\/v2\/pages\/516","targetHints":{"allow":["GET"]}}],"collection":[{"href":"https:\/\/penjaq.fi\/musiikki\/wp-json\/wp\/v2\/pages"}],"about":[{"href":"https:\/\/penjaq.fi\/musiikki\/wp-json\/wp\/v2\/types\/page"}],"author":[{"embeddable":true,"href":"https:\/\/penjaq.fi\/musiikki\/wp-json\/wp\/v2\/users\/1"}],"replies":[{"embeddable":true,"href":"https:\/\/penjaq.fi\/musiikki\/wp-json\/wp\/v2\/comments?post=516"}],"version-history":[{"count":3,"href":"https:\/\/penjaq.fi\/musiikki\/wp-json\/wp\/v2\/pages\/516\/revisions"}],"predecessor-version":[{"id":522,"href":"https:\/\/penjaq.fi\/musiikki\/wp-json\/wp\/v2\/pages\/516\/revisions\/522"}],"wp:attachment":[{"href":"https:\/\/penjaq.fi\/musiikki\/wp-json\/wp\/v2\/media?parent=516"}],"curies":[{"name":"wp","href":"https:\/\/api.w.org\/{rel}","templated":true}]}}