{"id":38,"date":"2024-07-19T12:36:24","date_gmt":"2024-07-19T12:36:24","guid":{"rendered":"https:\/\/penjaq.fi\/musiikki\/?page_id=38"},"modified":"2026-01-24T14:40:52","modified_gmt":"2026-01-24T14:40:52","slug":"lauluteksteja","status":"publish","type":"page","link":"https:\/\/penjaq.fi\/musiikki\/lauluteksteja\/","title":{"rendered":"Laulutekstej\u00e4 + soinnut"},"content":{"rendered":"\n<p><a href=\"https:\/\/penjaq.fi\/musiikki\/ehka-joskus\/\" data-type=\"page\" data-id=\"137\">Ehk\u00e4 joskus<\/a><\/p>\n\n\n\n<p><a href=\"https:\/\/penjaq.fi\/musiikki\/enkelit\/\" data-type=\"page\" data-id=\"93\">Enkelit<\/a><\/p>\n\n\n\n<p><a href=\"https:\/\/penjaq.fi\/musiikki\/ensimmainen-paiva\/\" data-type=\"page\" data-id=\"88\">Ensimm\u00e4inen p\u00e4iv\u00e4<\/a><\/p>\n\n\n\n<p><a href=\"https:\/\/penjaq.fi\/musiikki\/farkunsininen\/\" data-type=\"page\" data-id=\"98\">Farkunsininen<\/a><\/p>\n\n\n\n<p><a href=\"https:\/\/penjaq.fi\/musiikki\/hei-musta-koira\/\" data-type=\"page\" data-id=\"185\">Hei musta koira<\/a><\/p>\n\n\n\n<p><a href=\"https:\/\/penjaq.fi\/musiikki\/jumala-kirkkonummi-ja-espoo\/\" data-type=\"page\" data-id=\"127\">Jumala, Kirkkonummi ja Espoo<\/a><\/p>\n\n\n\n<p><a href=\"https:\/\/penjaq.fi\/musiikki\/jumalan-valepuvut\/\" data-type=\"page\" data-id=\"93\">Jumalan valepuvut<\/a><\/p>\n\n\n\n<p><a href=\"https:\/\/penjaq.fi\/musiikki\/karjaportintie-2025-versio\/\" data-type=\"page\" data-id=\"246\">Karjaportintie<\/a><\/p>\n\n\n\n<p><a href=\"https:\/\/penjaq.fi\/musiikki\/kuin-terasjaa\/\" data-type=\"page\" data-id=\"132\">Kuin ter\u00e4sj\u00e4\u00e4<\/a><\/p>\n\n\n\n<p><a href=\"https:\/\/penjaq.fi\/musiikki\/kuu-laula-mut-uneen\/\" data-type=\"page\" data-id=\"226\">Kuu, laula mut uneen<\/a><\/p>\n\n\n\n<p><a href=\"https:\/\/penjaq.fi\/musiikki\/kynttilat\/\" data-type=\"page\" data-id=\"516\">Kynttil\u00e4t<\/a><\/p>\n\n\n\n<p><a href=\"https:\/\/penjaq.fi\/musiikki\/lasinkirkas-yo\/\" data-type=\"page\" data-id=\"76\">Lasinkirkas y\u00f6<\/a><\/p>\n\n\n\n<p><a href=\"https:\/\/penjaq.fi\/musiikki\/maailman-vahvin-tuuli\/\" data-type=\"page\" data-id=\"68\">Maailman vahvin tuuli (Four Strong Winds)<\/a> Ep\u00e4virallinen k\u00e4\u00e4nn\u00f6s<\/p>\n\n\n\n<p><a href=\"https:\/\/penjaq.fi\/musiikki\/oulu-1975\/\" data-type=\"page\" data-id=\"119\">Oulu 1975 (oisin voinut olla hippi)<\/a><\/p>\n\n\n\n<p><a href=\"https:\/\/penjaq.fi\/musiikki\/rakkauden-naytelma\/\" data-type=\"page\" data-id=\"122\">Rakkauden n\u00e4ytelm\u00e4<\/a><\/p>\n\n\n\n<p><a href=\"https:\/\/penjaq.fi\/musiikki\/uudisraivaan\/\" data-type=\"page\" data-id=\"149\">Uudisraivaan<\/a><\/p>\n\n\n\n<p><\/p>\n\n\n\n<p><\/p>\n\n\n\n<p><\/p>\n\n\n\n<p><\/p>\n","protected":false},"excerpt":{"rendered":"<p>Ehk\u00e4 joskus Enkelit Ensimm\u00e4inen p\u00e4iv\u00e4 Farkunsininen Hei musta koira Jumala, Kirkkonummi ja [&hellip;]<\/p>\n","protected":false},"author":1,"featured_media":0,"parent":0,"menu_order":0,"comment_status":"closed","ping_status":"closed","template":"","meta":{"footnotes":""},"class_list":["post-38","page","type-page","status-publish","hentry"],"_links":{"self":[{"href":"https:\/\/penjaq.fi\/musiikki\/wp-json\/wp\/v2\/pages\/38","targetHints":{"allow":["GET"]}}],"collection":[{"href":"https:\/\/penjaq.fi\/musiikki\/wp-json\/wp\/v2\/pages"}],"about":[{"href":"https:\/\/penjaq.fi\/musiikki\/wp-json\/wp\/v2\/types\/page"}],"author":[{"embeddable":true,"href":"https:\/\/penjaq.fi\/musiikki\/wp-json\/wp\/v2\/users\/1"}],"replies":[{"embeddable":true,"href":"https:\/\/penjaq.fi\/musiikki\/wp-json\/wp\/v2\/comments?post=38"}],"version-history":[{"count":21,"href":"https:\/\/penjaq.fi\/musiikki\/wp-json\/wp\/v2\/pages\/38\/revisions"}],"predecessor-version":[{"id":633,"href":"https:\/\/penjaq.fi\/musiikki\/wp-json\/wp\/v2\/pages\/38\/revisions\/633"}],"wp:attachment":[{"href":"https:\/\/penjaq.fi\/musiikki\/wp-json\/wp\/v2\/media?parent=38"}],"curies":[{"name":"wp","href":"https:\/\/api.w.org\/{rel}","templated":true}]}}