{"id":344,"date":"2025-04-25T15:22:24","date_gmt":"2025-04-25T15:22:24","guid":{"rendered":"https:\/\/penjaq.fi\/musiikki\/?page_id=344"},"modified":"2026-03-02T20:22:31","modified_gmt":"2026-03-02T20:22:31","slug":"linkit","status":"publish","type":"page","link":"https:\/\/penjaq.fi\/musiikki\/linkit\/","title":{"rendered":"Penja Q musiikkikanavat"},"content":{"rendered":"\n<p><strong>Lent\u00e4k\u00e4\u00e4 kuin linnut<\/strong> -albumi on kuunneltavissa kaikilla suoratoistoalustoilla. T\u00e4\u00e4lt\u00e4 p\u00e4\u00e4see suoraan albumin kuunteluun, olkaa hyv\u00e4t!<\/p>\n\n\n\n<p><a href=\"https:\/\/open.spotify.com\/album\/31Lvhpi6bLCY21y06Gsv0k?si=LUfI--xXRC-d6_O7yzZq5Q\" data-type=\"link\" data-id=\"https:\/\/open.spotify.com\/album\/31Lvhpi6bLCY21y06Gsv0k?si=LUfI--xXRC-d6_O7yzZq5Q\">Spotify<\/a><\/p>\n\n\n\n<p><a href=\"https:\/\/music.apple.com\/fi\/album\/lent%C3%A4k%C3%A4%C3%A4-kuin-linnut\/1849480025?l=fi\" data-type=\"link\" data-id=\"https:\/\/music.apple.com\/fi\/album\/lent%C3%A4k%C3%A4%C3%A4-kuin-linnut\/1849480025?l=fi\">Apple Music<\/a><\/p>\n\n\n\n<p><a href=\"https:\/\/youtube.com\/@penjaq\" data-type=\"link\" data-id=\"https:\/\/youtube.com\/@penttikuvaja83?si=3Fg3_DFbGwyw8vPK\">Penja Q:n Youtube-kanava<\/a><\/p>\n\n\n\n<p><a href=\"https:\/\/tidal.com\/album\/470172727\/u\" data-type=\"link\" data-id=\"https:\/\/tidal.com\/album\/470172727\/u\">Tidal<\/a><\/p>\n\n\n\n<p><a href=\"https:\/\/music.amazon.com\/albums\/B0FY7N6J65?marketplaceId=A3K6Y4MI8GDYMT&amp;musicTerritory=FI&amp;ref=dm_sh_TNq3pikfR19Ouo54VdlkIFJ4i\" data-type=\"link\" data-id=\"https:\/\/music.amazon.com\/albums\/B0FY7N6J65?marketplaceId=A3K6Y4MI8GDYMT&amp;musicTerritory=FI&amp;ref=dm_sh_TNq3pikfR19Ouo54VdlkIFJ4i\">Amazon Music<\/a><\/p>\n\n\n\n<p><a href=\"https:\/\/link.deezer.com\/s\/31H1RFXS1KIN1Xl0hMACW\" data-type=\"link\" data-id=\"https:\/\/link.deezer.com\/s\/31H1RFXS1KIN1Xl0hMACW\">Deezer<\/a><\/p>\n\n\n\n<p><\/p>\n\n\n\n<p>Jos haluat hankkia Lent\u00e4k\u00e4\u00e4 kuin linnut -CD:n, se onnistuu <a href=\"https:\/\/penjaq.fi\/musiikki\/tilaukset\/\" data-type=\"page\" data-id=\"458\">tilaussivun<\/a> kautta.<\/p>\n\n\n\n<p><\/p>\n","protected":false},"excerpt":{"rendered":"<p>Lent\u00e4k\u00e4\u00e4 kuin linnut -albumi on kuunneltavissa kaikilla suoratoistoalustoilla. T\u00e4\u00e4lt\u00e4 p\u00e4\u00e4see suoraan albumin [&hellip;]<\/p>\n","protected":false},"author":1,"featured_media":555,"parent":0,"menu_order":0,"comment_status":"closed","ping_status":"closed","template":"","meta":{"footnotes":""},"class_list":["post-344","page","type-page","status-publish","has-post-thumbnail","hentry"],"_links":{"self":[{"href":"https:\/\/penjaq.fi\/musiikki\/wp-json\/wp\/v2\/pages\/344","targetHints":{"allow":["GET"]}}],"collection":[{"href":"https:\/\/penjaq.fi\/musiikki\/wp-json\/wp\/v2\/pages"}],"about":[{"href":"https:\/\/penjaq.fi\/musiikki\/wp-json\/wp\/v2\/types\/page"}],"author":[{"embeddable":true,"href":"https:\/\/penjaq.fi\/musiikki\/wp-json\/wp\/v2\/users\/1"}],"replies":[{"embeddable":true,"href":"https:\/\/penjaq.fi\/musiikki\/wp-json\/wp\/v2\/comments?post=344"}],"version-history":[{"count":24,"href":"https:\/\/penjaq.fi\/musiikki\/wp-json\/wp\/v2\/pages\/344\/revisions"}],"predecessor-version":[{"id":665,"href":"https:\/\/penjaq.fi\/musiikki\/wp-json\/wp\/v2\/pages\/344\/revisions\/665"}],"wp:featuredmedia":[{"embeddable":true,"href":"https:\/\/penjaq.fi\/musiikki\/wp-json\/wp\/v2\/media\/555"}],"wp:attachment":[{"href":"https:\/\/penjaq.fi\/musiikki\/wp-json\/wp\/v2\/media?parent=344"}],"curies":[{"name":"wp","href":"https:\/\/api.w.org\/{rel}","templated":true}]}}