{"id":292,"date":"2025-03-02T15:56:46","date_gmt":"2025-03-02T15:56:46","guid":{"rendered":"https:\/\/penjaq.fi\/musiikki\/?page_id=292"},"modified":"2025-03-02T15:56:46","modified_gmt":"2025-03-02T15:56:46","slug":"uudisraivaan-sanat","status":"publish","type":"page","link":"https:\/\/penjaq.fi\/musiikki\/uudisraivaan-sanat\/","title":{"rendered":"Uudisraivaan (sanat)"},"content":{"rendered":"\n<p><a href=\"https:\/\/penjaq.fi\/musiikki\/uudisraivaan\/\" data-type=\"page\" data-id=\"149\">Soinnut<\/a><\/p>\n\n\n\n<pre class=\"wp-block-preformatted\">A1:<br>Tulin polkujen risteykseen<br>Otin v\u00e4hemm\u00e4n tallatun<br>L\u00f6ysin maan \u00e4sken merelt\u00e4 vallatun<br><br>B1:<br>kaukaisuuteen,<br>maahan uuuteen<br>pienen palstan v\u00e4liin maan ja taivaan <br>uudisraivaan<br>uudisraivaan<br><br>A2:<br>En t\u00e4t\u00e4 l\u00f6yt\u00e4isi uudelleen<br>jos nyt k\u00e4\u00e4ntyisin.<br>Mutta jatkan matkaa varmoin askelin<br><br>B2:<br>maahan julmaan,<br>sen koilliskulmaan<br>pienen palstan v\u00e4liin maan ja taivaan <br>uudisraivaan<br>uudisraivaan<br>uudisraivaan<br><br><br>all rights reserved \/ penjaq == Pentti Kuvaja ==<\/pre>\n","protected":false},"excerpt":{"rendered":"<p>Soinnut A1:Tulin polkujen risteykseenOtin v\u00e4hemm\u00e4n tallatunL\u00f6ysin maan \u00e4sken merelt\u00e4 vallatunB1:kaukaisuuteen,maahan uuuteenpienen palstan [&hellip;]<\/p>\n","protected":false},"author":1,"featured_media":0,"parent":0,"menu_order":0,"comment_status":"closed","ping_status":"closed","template":"","meta":{"footnotes":""},"class_list":["post-292","page","type-page","status-publish","hentry"],"_links":{"self":[{"href":"https:\/\/penjaq.fi\/musiikki\/wp-json\/wp\/v2\/pages\/292","targetHints":{"allow":["GET"]}}],"collection":[{"href":"https:\/\/penjaq.fi\/musiikki\/wp-json\/wp\/v2\/pages"}],"about":[{"href":"https:\/\/penjaq.fi\/musiikki\/wp-json\/wp\/v2\/types\/page"}],"author":[{"embeddable":true,"href":"https:\/\/penjaq.fi\/musiikki\/wp-json\/wp\/v2\/users\/1"}],"replies":[{"embeddable":true,"href":"https:\/\/penjaq.fi\/musiikki\/wp-json\/wp\/v2\/comments?post=292"}],"version-history":[{"count":1,"href":"https:\/\/penjaq.fi\/musiikki\/wp-json\/wp\/v2\/pages\/292\/revisions"}],"predecessor-version":[{"id":293,"href":"https:\/\/penjaq.fi\/musiikki\/wp-json\/wp\/v2\/pages\/292\/revisions\/293"}],"wp:attachment":[{"href":"https:\/\/penjaq.fi\/musiikki\/wp-json\/wp\/v2\/media?parent=292"}],"curies":[{"name":"wp","href":"https:\/\/api.w.org\/{rel}","templated":true}]}}