{"id":290,"date":"2025-03-02T15:54:50","date_gmt":"2025-03-02T15:54:50","guid":{"rendered":"https:\/\/penjaq.fi\/musiikki\/?page_id=290"},"modified":"2025-03-02T15:54:50","modified_gmt":"2025-03-02T15:54:50","slug":"rakkauden-naytelma-sanat","status":"publish","type":"page","link":"https:\/\/penjaq.fi\/musiikki\/rakkauden-naytelma-sanat\/","title":{"rendered":"Rakkauden n\u00e4ytelm\u00e4 (sanat)"},"content":{"rendered":"\n<p><a href=\"https:\/\/penjaq.fi\/musiikki\/rakkauden-naytelma\/\" data-type=\"page\" data-id=\"122\">Soinnut<\/a><\/p>\n\n\n\n<pre class=\"wp-block-preformatted\">A1:<br>h\u00e4n on vuosia ollut sun vierell\u00e4si<br>turhan tuttu ja tuntematon<br>olet n\u00e4ytellyt roolisi huonosti<br>joka kohtaus on tunteeton<br><br>valkoiset valheet ja punaiset nauhat<br>kiihke\u00e4t kirjeet ja salatut muistot<br>on aika j\u00e4tt\u00e4\u00e4 ne taakse, polta ne pois<br> <br>A2:<br>et ehk\u00e4 voi saada suurinta rakkauttasi<br>el\u00e4m\u00e4\u00e4n rinnalla sun<br>Mist\u00e4 keksitkin hulluutta ruokkia v\u00e4\u00e4r\u00e4n<br>ja oikean rakastetun?<br>Mutta niin monet raastavat toiveet<br>toisiaan aina kampittaa<br>on aika p\u00e4\u00e4st\u00e4\u00e4 irti, polta ne pois<br><br>A3:<br>siis rakasta h\u00e4nt\u00e4 sinun vierell\u00e4si<br>h\u00e4n on tuttu ja tuntematon<br>Pelasta h\u00e4net pelasta itsesi<br>kolmas n\u00e4yt\u00f6s alkanut on<br>jos n\u00e4yttelet, n\u00e4yttele niin ett\u00e4 itsekin uskot<br>rakasta niin ett\u00e4 enkelit itkee<br>kipu niin valkoista, pelko niin mustaa<br>tekojen takana rakkaus kuolematon<br>On k\u00e4sikirjoitus turha, polta se pois<br><br>pelasta h\u00e4net, pelasta itsesi, <br>pelasta h\u00e4net, pelasta itsesi, <br>pelasta h\u00e4net<br><br>all rights reserved \/ penjaq == Pentti Kuvaja ==<\/pre>\n","protected":false},"excerpt":{"rendered":"<p>Soinnut A1:h\u00e4n on vuosia ollut sun vierell\u00e4siturhan tuttu ja tuntematonolet n\u00e4ytellyt roolisi [&hellip;]<\/p>\n","protected":false},"author":1,"featured_media":0,"parent":0,"menu_order":0,"comment_status":"closed","ping_status":"closed","template":"","meta":{"footnotes":""},"class_list":["post-290","page","type-page","status-publish","hentry"],"_links":{"self":[{"href":"https:\/\/penjaq.fi\/musiikki\/wp-json\/wp\/v2\/pages\/290","targetHints":{"allow":["GET"]}}],"collection":[{"href":"https:\/\/penjaq.fi\/musiikki\/wp-json\/wp\/v2\/pages"}],"about":[{"href":"https:\/\/penjaq.fi\/musiikki\/wp-json\/wp\/v2\/types\/page"}],"author":[{"embeddable":true,"href":"https:\/\/penjaq.fi\/musiikki\/wp-json\/wp\/v2\/users\/1"}],"replies":[{"embeddable":true,"href":"https:\/\/penjaq.fi\/musiikki\/wp-json\/wp\/v2\/comments?post=290"}],"version-history":[{"count":1,"href":"https:\/\/penjaq.fi\/musiikki\/wp-json\/wp\/v2\/pages\/290\/revisions"}],"predecessor-version":[{"id":291,"href":"https:\/\/penjaq.fi\/musiikki\/wp-json\/wp\/v2\/pages\/290\/revisions\/291"}],"wp:attachment":[{"href":"https:\/\/penjaq.fi\/musiikki\/wp-json\/wp\/v2\/media?parent=290"}],"curies":[{"name":"wp","href":"https:\/\/api.w.org\/{rel}","templated":true}]}}