{"id":288,"date":"2025-03-02T15:52:39","date_gmt":"2025-03-02T15:52:39","guid":{"rendered":"https:\/\/penjaq.fi\/musiikki\/?page_id=288"},"modified":"2025-03-02T15:52:40","modified_gmt":"2025-03-02T15:52:40","slug":"oulu-1975-sanat","status":"publish","type":"page","link":"https:\/\/penjaq.fi\/musiikki\/oulu-1975-sanat\/","title":{"rendered":"Oulu 1975 (sanat)"},"content":{"rendered":"\n<p><a href=\"https:\/\/penjaq.fi\/musiikki\/oulu-1975\/\" data-type=\"page\" data-id=\"119\">Soinnut<\/a><\/p>\n\n\n\n<pre class=\"wp-block-preformatted\">Toppilan tehtaan haju. Huone Tuirassa.<br>Merikoskenkatu kuus    <br>Kiihke\u00e4 draaman taju jo silloin kukassa.<br>ELP, Yes ja Moody Blues<br><br>L\u00e4tt\u00e4hatun tuomana Kainuusta maailmalla<br>Karjalanpiirakat liiskana paitojen alla<br>Retukenkien pohjat... puhki tallatut<br><br>Yks-ysi-seitkytviis varmaan oli se vuosi.<br>Genesis,  ja Steely Dan<br>Kaulakoru. Kukkakuosi<br>Dylan, Young ja Van The Man<br><br>Ikkunoina sen aikaj\u00e4nteen<br>Suurimmat silm\u00e4lasit Kuurnasta l\u00e4nteen<br>Niin muistelen ja muistostani el\u00e4v\u00e4mm\u00e4n teen<br><br><br>Chorus:<br>Oisin voinut olla hippi, perustelluin syin<br>Oisin voinut olla hippi, mutta my\u00f6h\u00e4styin<br><br>Olin kai h\u00e4my. Olin kai aito<br>Ja rakkauden tunnistin<br>Punkkariksi liian maito<br>Kaikenlaisia neuloja pelk\u00e4sin<br><br>Rockabilly j\u00e4i sekin kokeilematta<br>Diskoon olin aivan liian matta, kun<br>Lanteeni ei oikein... taivu lattariin<br><br>Chorus<br><br>all rights reserved \/ == penjaQ, Pentti Kuvaja ==<\/pre>\n","protected":false},"excerpt":{"rendered":"<p>Soinnut Toppilan tehtaan haju. Huone Tuirassa.Merikoskenkatu kuus Kiihke\u00e4 draaman taju jo silloin [&hellip;]<\/p>\n","protected":false},"author":1,"featured_media":0,"parent":0,"menu_order":0,"comment_status":"closed","ping_status":"closed","template":"","meta":{"footnotes":""},"class_list":["post-288","page","type-page","status-publish","hentry"],"_links":{"self":[{"href":"https:\/\/penjaq.fi\/musiikki\/wp-json\/wp\/v2\/pages\/288","targetHints":{"allow":["GET"]}}],"collection":[{"href":"https:\/\/penjaq.fi\/musiikki\/wp-json\/wp\/v2\/pages"}],"about":[{"href":"https:\/\/penjaq.fi\/musiikki\/wp-json\/wp\/v2\/types\/page"}],"author":[{"embeddable":true,"href":"https:\/\/penjaq.fi\/musiikki\/wp-json\/wp\/v2\/users\/1"}],"replies":[{"embeddable":true,"href":"https:\/\/penjaq.fi\/musiikki\/wp-json\/wp\/v2\/comments?post=288"}],"version-history":[{"count":1,"href":"https:\/\/penjaq.fi\/musiikki\/wp-json\/wp\/v2\/pages\/288\/revisions"}],"predecessor-version":[{"id":289,"href":"https:\/\/penjaq.fi\/musiikki\/wp-json\/wp\/v2\/pages\/288\/revisions\/289"}],"wp:attachment":[{"href":"https:\/\/penjaq.fi\/musiikki\/wp-json\/wp\/v2\/media?parent=288"}],"curies":[{"name":"wp","href":"https:\/\/api.w.org\/{rel}","templated":true}]}}