{"id":286,"date":"2025-03-02T15:49:43","date_gmt":"2025-03-02T15:49:43","guid":{"rendered":"https:\/\/penjaq.fi\/musiikki\/?page_id=286"},"modified":"2025-03-02T15:49:43","modified_gmt":"2025-03-02T15:49:43","slug":"maailman-vahvin-tuuli-sanat","status":"publish","type":"page","link":"https:\/\/penjaq.fi\/musiikki\/maailman-vahvin-tuuli-sanat\/","title":{"rendered":"Maailman vahvin tuuli (sanat)"},"content":{"rendered":"\n<p><a href=\"https:\/\/penjaq.fi\/musiikki\/maailman-vahvin-tuuli\/\" data-type=\"page\" data-id=\"68\">Soinnut<\/a><\/p>\n\n\n\n<pre class=\"wp-block-preformatted\">Taitaa olla kuudes kerta <br>Kun m\u00e4 l\u00e4hden pohjoiseen<br>Siell\u00e4 alkaa voisin kaiken uudelleen<br>Silti taas m\u00e4 pyyd\u00e4n sua:<br>Voitko tulla mukaan mun?<br>Vaikka vastaus on tuskin muuttunut <br><br>CHORUS: <br>Maailman vahvin tuuli<br>L\u00e4pi luiden puhaltaa <br>Vaikka tahdot sit\u00e4 tyyntym\u00e4\u00e4n et saa<br>Hyv\u00e4t ajat on ehk\u00e4 pois <br>Mutta palata ne vois<br>Sinut etsin viel\u00e4 mukaan matkallein<br><br>Jos sinne p\u00e4\u00e4sen ennen ruskaa <br>Viel\u00e4 kun on l\u00e4mmin s\u00e4\u00e4<br>Sulle matkalipun voisin l\u00e4hett\u00e4\u00e4 <br>Mutta sitten saapuu talvi<br>Joka kietoo kylmyyteen<br>Ja ne tuulet leikkaa sielun syvyyteen<br> <br>CHORUS<br><br>Silti taas m\u00e4 pyyd\u00e4n sua:<br>Voitko tulla mukaan mun?<br>Vaikka vastaus on tuskin muuttunut <br><br>CHORUS<br><\/pre>\n","protected":false},"excerpt":{"rendered":"<p>Soinnut Taitaa olla kuudes kerta Kun m\u00e4 l\u00e4hden pohjoiseenSiell\u00e4 alkaa voisin kaiken [&hellip;]<\/p>\n","protected":false},"author":1,"featured_media":0,"parent":0,"menu_order":0,"comment_status":"closed","ping_status":"closed","template":"","meta":{"footnotes":""},"class_list":["post-286","page","type-page","status-publish","hentry"],"_links":{"self":[{"href":"https:\/\/penjaq.fi\/musiikki\/wp-json\/wp\/v2\/pages\/286","targetHints":{"allow":["GET"]}}],"collection":[{"href":"https:\/\/penjaq.fi\/musiikki\/wp-json\/wp\/v2\/pages"}],"about":[{"href":"https:\/\/penjaq.fi\/musiikki\/wp-json\/wp\/v2\/types\/page"}],"author":[{"embeddable":true,"href":"https:\/\/penjaq.fi\/musiikki\/wp-json\/wp\/v2\/users\/1"}],"replies":[{"embeddable":true,"href":"https:\/\/penjaq.fi\/musiikki\/wp-json\/wp\/v2\/comments?post=286"}],"version-history":[{"count":1,"href":"https:\/\/penjaq.fi\/musiikki\/wp-json\/wp\/v2\/pages\/286\/revisions"}],"predecessor-version":[{"id":287,"href":"https:\/\/penjaq.fi\/musiikki\/wp-json\/wp\/v2\/pages\/286\/revisions\/287"}],"wp:attachment":[{"href":"https:\/\/penjaq.fi\/musiikki\/wp-json\/wp\/v2\/media?parent=286"}],"curies":[{"name":"wp","href":"https:\/\/api.w.org\/{rel}","templated":true}]}}