{"id":284,"date":"2025-03-02T15:46:13","date_gmt":"2025-03-02T15:46:13","guid":{"rendered":"https:\/\/penjaq.fi\/musiikki\/?page_id=284"},"modified":"2025-03-02T15:46:13","modified_gmt":"2025-03-02T15:46:13","slug":"lasinkirkas-yo-sanat","status":"publish","type":"page","link":"https:\/\/penjaq.fi\/musiikki\/lasinkirkas-yo-sanat\/","title":{"rendered":"Lasinkirkas y\u00f6 (sanat)"},"content":{"rendered":"\n<p><a href=\"https:\/\/penjaq.fi\/musiikki\/lasinkirkas-yo\/\" data-type=\"page\" data-id=\"76\">Soinnut<\/a><\/p>\n\n\n\n<pre class=\"wp-block-preformatted\">A1:<br>Y\u00f6 on lasinkirkas y\u00f6,<br>ja sormenp\u00e4it\u00e4 koskettaa<br>taivaan kaikki t\u00e4hdet.<br>Ne loistaa vanhaa valoaan!<br>Ikuisuus on hetki,<br>vain Linnunradan siivenisku.<br>Y\u00f6 on lasinkirkas y\u00f6!<br><br>A2:<br>Y\u00f6 on lasinkirkas y\u00f6,<br>ja puhalluksen p\u00e4\u00e4ss\u00e4<br>on pys\u00e4htyneet t\u00e4hdet.<br>Ne hengityst\u00e4\u00e4n pid\u00e4tt\u00e4\u00e4:<br>Ne tiet\u00e4\u00e4 vastaukset.<br>Ne tiet\u00e4\u00e4 ett\u00e4 l\u00e4hdet.<br>Y\u00f6 on lasinkirkas y\u00f6!<br><br>A3:<br>Y\u00f6 on lasinkirkas y\u00f6.<br>Ja niin kuin ohimennen <br>on t\u00e4hdet kauempana.<br>Y\u00f6 on sata tarinaa.<br>On joka sana totta<br>ja rakkaushan on sana.<br>Y\u00f6 on lasinkirkas y\u00f6!<br><br>all rights reserved \/ penjaq == Pentti Kuvaja ==<\/pre>\n","protected":false},"excerpt":{"rendered":"<p>Soinnut A1:Y\u00f6 on lasinkirkas y\u00f6,ja sormenp\u00e4it\u00e4 koskettaataivaan kaikki t\u00e4hdet.Ne loistaa vanhaa valoaan!Ikuisuus [&hellip;]<\/p>\n","protected":false},"author":1,"featured_media":0,"parent":0,"menu_order":0,"comment_status":"closed","ping_status":"closed","template":"","meta":{"footnotes":""},"class_list":["post-284","page","type-page","status-publish","hentry"],"_links":{"self":[{"href":"https:\/\/penjaq.fi\/musiikki\/wp-json\/wp\/v2\/pages\/284","targetHints":{"allow":["GET"]}}],"collection":[{"href":"https:\/\/penjaq.fi\/musiikki\/wp-json\/wp\/v2\/pages"}],"about":[{"href":"https:\/\/penjaq.fi\/musiikki\/wp-json\/wp\/v2\/types\/page"}],"author":[{"embeddable":true,"href":"https:\/\/penjaq.fi\/musiikki\/wp-json\/wp\/v2\/users\/1"}],"replies":[{"embeddable":true,"href":"https:\/\/penjaq.fi\/musiikki\/wp-json\/wp\/v2\/comments?post=284"}],"version-history":[{"count":1,"href":"https:\/\/penjaq.fi\/musiikki\/wp-json\/wp\/v2\/pages\/284\/revisions"}],"predecessor-version":[{"id":285,"href":"https:\/\/penjaq.fi\/musiikki\/wp-json\/wp\/v2\/pages\/284\/revisions\/285"}],"wp:attachment":[{"href":"https:\/\/penjaq.fi\/musiikki\/wp-json\/wp\/v2\/media?parent=284"}],"curies":[{"name":"wp","href":"https:\/\/api.w.org\/{rel}","templated":true}]}}