{"id":282,"date":"2025-03-02T15:44:38","date_gmt":"2025-03-02T15:44:38","guid":{"rendered":"https:\/\/penjaq.fi\/musiikki\/?page_id=282"},"modified":"2025-03-02T15:44:38","modified_gmt":"2025-03-02T15:44:38","slug":"kuu-laula-mut-uneen-sanat","status":"publish","type":"page","link":"https:\/\/penjaq.fi\/musiikki\/kuu-laula-mut-uneen-sanat\/","title":{"rendered":"Kuu, laula mut uneen (sanat)"},"content":{"rendered":"\n<p><a href=\"https:\/\/penjaq.fi\/musiikki\/kuu-laula-mut-uneen\/\" data-type=\"page\" data-id=\"226\">Soinnut<\/a><\/p>\n\n\n\n<pre class=\"wp-block-preformatted\">A1:<br>Marjapensaan varjo hiipii roskakatokseen,<br>avaa lehtilaatikon ja nappaa menovinkin.<br>Taksi ajaa kadun p\u00e4\u00e4st\u00e4 p\u00e4\u00e4h\u00e4n.<br><br>Kun luottaa johdatukseen ja navigaattoriin,<br>ei eksy en\u00e4\u00e4 koskaan, ei t\u00e4h\u00e4n kaupunkiin.<br><br>Oi kuu, laula mut uneen, kuu<br><br><br>Yksin\u00e4inen j\u00e4nis hetken valokeilassa<br>yleis\u00f6lle kumartaa ja heitt\u00e4\u00e4 lentosuukon.<br>Taksi poistuu hiljaa n\u00e4ytt\u00e4m\u00f6lt\u00e4.<br>Niin valot katoaa ja kohta lumi peitt\u00e4\u00e4 maan.<br>Miten lyhyt matka t\u00e4st\u00e4 onkaan Narniaan!<br><br>Oi kuu, laula itsesi uneen<br><br>Oi kuu, laula itsesi uneen<br>Oi kuu, laula itsesi uneen<br><br>all rights reserved \/ penjaq == Pentti Kuvaja ==<\/pre>\n","protected":false},"excerpt":{"rendered":"<p>Soinnut A1:Marjapensaan varjo hiipii roskakatokseen,avaa lehtilaatikon ja nappaa menovinkin.Taksi ajaa kadun p\u00e4\u00e4st\u00e4 [&hellip;]<\/p>\n","protected":false},"author":1,"featured_media":0,"parent":0,"menu_order":0,"comment_status":"closed","ping_status":"closed","template":"","meta":{"footnotes":""},"class_list":["post-282","page","type-page","status-publish","hentry"],"_links":{"self":[{"href":"https:\/\/penjaq.fi\/musiikki\/wp-json\/wp\/v2\/pages\/282","targetHints":{"allow":["GET"]}}],"collection":[{"href":"https:\/\/penjaq.fi\/musiikki\/wp-json\/wp\/v2\/pages"}],"about":[{"href":"https:\/\/penjaq.fi\/musiikki\/wp-json\/wp\/v2\/types\/page"}],"author":[{"embeddable":true,"href":"https:\/\/penjaq.fi\/musiikki\/wp-json\/wp\/v2\/users\/1"}],"replies":[{"embeddable":true,"href":"https:\/\/penjaq.fi\/musiikki\/wp-json\/wp\/v2\/comments?post=282"}],"version-history":[{"count":1,"href":"https:\/\/penjaq.fi\/musiikki\/wp-json\/wp\/v2\/pages\/282\/revisions"}],"predecessor-version":[{"id":283,"href":"https:\/\/penjaq.fi\/musiikki\/wp-json\/wp\/v2\/pages\/282\/revisions\/283"}],"wp:attachment":[{"href":"https:\/\/penjaq.fi\/musiikki\/wp-json\/wp\/v2\/media?parent=282"}],"curies":[{"name":"wp","href":"https:\/\/api.w.org\/{rel}","templated":true}]}}