{"id":278,"date":"2025-03-02T15:39:37","date_gmt":"2025-03-02T15:39:37","guid":{"rendered":"https:\/\/penjaq.fi\/musiikki\/?page_id=278"},"modified":"2025-07-01T10:48:11","modified_gmt":"2025-07-01T10:48:11","slug":"karjaportintie-sanat","status":"publish","type":"page","link":"https:\/\/penjaq.fi\/musiikki\/karjaportintie-sanat\/","title":{"rendered":"Karjaportintie (sanat)"},"content":{"rendered":"\n<p><a href=\"https:\/\/penjaq.fi\/musiikki\/karjaportintie-2025-versio\/\" data-type=\"page\" data-id=\"246\">Soinnut<\/a><\/p>\n\n\n\n<pre class=\"wp-block-preformatted\">Sen kodin miehet korpeen rakensi<br>Niin toimittaja lehteen kirjoitti<br>Naiset piti yll\u00e4 huushollin<br>Ja min\u00e4, valokuvaa varten, muka jotain touhusin<br><br>Siell\u00e4 Haukansilm\u00e4 nuolet teroitti<br>Ja paaluvarustusta puolusti<br>Siell\u00e4 Ontarion rajaseudulla<br>Karjaportie vain katkoviiva kartalla<br><br>CHORUS: <br>K\u00e4yn Karjaportintielle takaisin<br>Ja vaikka vannoin etten hukuta sua n\u00e4ihin muistoihin<br>Teen sen tietenkin...<br>Teen sen kuitenkin...<br><br>Koulutielle niin kuin toisetkin<br>veti vetovoima henkselin.<br>Muistan Lutherin ja L\u00f6nnrotin<br>J\u00e4lki-istunnossa joskus heit\u00e4 tervehdin<br><br>Opetukset varmaan unohdin<br>Kun reksin kansliasta palasin<br>Savumerkit kaukaa huomasin<br>Yli Ontarion Kuulin kutsuhuudon huronin<br><br>BRIDGE<br><br>Kun lukutoukan suurin huvitus<br>Oli Kansan Tahdon sarjakuvitus<br>Niin pipo muuttui kotkansuliksi<br>Ja Paskalampi Ontarioksi<br><br>CHORUS<br> <br>On koulu saanut uuden el\u00e4m\u00e4n<br>Ja Paskalampi nimen siistimm\u00e4n<br>On Haukansilm\u00e4n nuolet tylsyneet<br>Ja Ontarion aallot tyyntyneet<br><br>CHORUS<br><br>all rights reserved \/ penjaq == Pentti Kuvaja ==<br><\/pre>\n","protected":false},"excerpt":{"rendered":"<p>Soinnut Sen kodin miehet korpeen rakensiNiin toimittaja lehteen kirjoittiNaiset piti yll\u00e4 huushollinJa [&hellip;]<\/p>\n","protected":false},"author":1,"featured_media":0,"parent":0,"menu_order":0,"comment_status":"closed","ping_status":"closed","template":"","meta":{"footnotes":""},"class_list":["post-278","page","type-page","status-publish","hentry"],"_links":{"self":[{"href":"https:\/\/penjaq.fi\/musiikki\/wp-json\/wp\/v2\/pages\/278","targetHints":{"allow":["GET"]}}],"collection":[{"href":"https:\/\/penjaq.fi\/musiikki\/wp-json\/wp\/v2\/pages"}],"about":[{"href":"https:\/\/penjaq.fi\/musiikki\/wp-json\/wp\/v2\/types\/page"}],"author":[{"embeddable":true,"href":"https:\/\/penjaq.fi\/musiikki\/wp-json\/wp\/v2\/users\/1"}],"replies":[{"embeddable":true,"href":"https:\/\/penjaq.fi\/musiikki\/wp-json\/wp\/v2\/comments?post=278"}],"version-history":[{"count":7,"href":"https:\/\/penjaq.fi\/musiikki\/wp-json\/wp\/v2\/pages\/278\/revisions"}],"predecessor-version":[{"id":377,"href":"https:\/\/penjaq.fi\/musiikki\/wp-json\/wp\/v2\/pages\/278\/revisions\/377"}],"wp:attachment":[{"href":"https:\/\/penjaq.fi\/musiikki\/wp-json\/wp\/v2\/media?parent=278"}],"curies":[{"name":"wp","href":"https:\/\/api.w.org\/{rel}","templated":true}]}}