{"id":276,"date":"2025-03-02T15:36:54","date_gmt":"2025-03-02T15:36:54","guid":{"rendered":"https:\/\/penjaq.fi\/musiikki\/?page_id=276"},"modified":"2025-03-02T15:36:55","modified_gmt":"2025-03-02T15:36:55","slug":"jumalan-valepuvut-sanat","status":"publish","type":"page","link":"https:\/\/penjaq.fi\/musiikki\/jumalan-valepuvut-sanat\/","title":{"rendered":"Jumalan valepuvut (sanat)"},"content":{"rendered":"\n<p><a href=\"https:\/\/penjaq.fi\/musiikki\/jumalan-valepuvut\/\" data-type=\"page\" data-id=\"93\">Soinnut<\/a><\/p>\n\n\n\n<pre class=\"wp-block-preformatted\">A1:<br>Pys\u00e4ytt\u00e4\u00e4 en voi t\u00e4t\u00e4 virtaa,<br>polkuni on yksi miljoonista.<br>Seuraus seurauksista. <br>En saa tiet\u00e4\u00e4 toisten tarinaa.<br>En saa tiet\u00e4\u00e4 toisten tarinaa.<br>Min\u00e4 tunnen kuinka ohjat ottaa<br>Rakkauden jumala takkuisessa koiran puvussa<br><br>A2:<br>Lahjaani m\u00e4 k\u00e4ytin aseen lailla.<br>Pys\u00e4hdyin. Ja jatkoin matkaa-<br>Mutta miten vaikutinkin,<br>en saa tiet\u00e4\u00e4 toisten tarinaa.<br>En saa tiet\u00e4\u00e4 toisten tarinaa.<br>Onko se vain rooli n\u00e4ytelm\u00e4ss\u00e4:<br>Rakkauden jumala takkuisessa koiran puvussa<br><br>A3:<br>Min\u00e4 vuorollani astun virtaan<br>J\u00e4t\u00e4n rannan taakse katsomatta. Ja<br>vaikka tahtoisinkin,<br>en saa tiet\u00e4\u00e4 toisten tarinaa.<br>En saa tiet\u00e4\u00e4 toisten tarinaa.<br>Ja niin kulkee aina rinnallani <br>Rakkauden jumala takkuisessa koiran puvussa.<br><br>all rights reserved \/ penjaq == Pentti Kuvaja ==<\/pre>\n","protected":false},"excerpt":{"rendered":"<p>Soinnut A1:Pys\u00e4ytt\u00e4\u00e4 en voi t\u00e4t\u00e4 virtaa,polkuni on yksi miljoonista.Seuraus seurauksista. En saa [&hellip;]<\/p>\n","protected":false},"author":1,"featured_media":0,"parent":0,"menu_order":0,"comment_status":"closed","ping_status":"closed","template":"","meta":{"footnotes":""},"class_list":["post-276","page","type-page","status-publish","hentry"],"_links":{"self":[{"href":"https:\/\/penjaq.fi\/musiikki\/wp-json\/wp\/v2\/pages\/276","targetHints":{"allow":["GET"]}}],"collection":[{"href":"https:\/\/penjaq.fi\/musiikki\/wp-json\/wp\/v2\/pages"}],"about":[{"href":"https:\/\/penjaq.fi\/musiikki\/wp-json\/wp\/v2\/types\/page"}],"author":[{"embeddable":true,"href":"https:\/\/penjaq.fi\/musiikki\/wp-json\/wp\/v2\/users\/1"}],"replies":[{"embeddable":true,"href":"https:\/\/penjaq.fi\/musiikki\/wp-json\/wp\/v2\/comments?post=276"}],"version-history":[{"count":1,"href":"https:\/\/penjaq.fi\/musiikki\/wp-json\/wp\/v2\/pages\/276\/revisions"}],"predecessor-version":[{"id":277,"href":"https:\/\/penjaq.fi\/musiikki\/wp-json\/wp\/v2\/pages\/276\/revisions\/277"}],"wp:attachment":[{"href":"https:\/\/penjaq.fi\/musiikki\/wp-json\/wp\/v2\/media?parent=276"}],"curies":[{"name":"wp","href":"https:\/\/api.w.org\/{rel}","templated":true}]}}