{"id":272,"date":"2025-03-02T15:31:34","date_gmt":"2025-03-02T15:31:34","guid":{"rendered":"https:\/\/penjaq.fi\/musiikki\/?page_id=272"},"modified":"2025-03-02T15:31:34","modified_gmt":"2025-03-02T15:31:34","slug":"hei-musta-koira-2","status":"publish","type":"page","link":"https:\/\/penjaq.fi\/musiikki\/hei-musta-koira-2\/","title":{"rendered":"Hei musta koira"},"content":{"rendered":"\n<p><a href=\"https:\/\/penjaq.fi\/musiikki\/hei-musta-koira\/\" data-type=\"page\" data-id=\"185\">Soinnut<\/a><\/p>\n\n\n\n<pre class=\"wp-block-preformatted\">Hei musta koira jatka matkaa eik\u00f6 niin<br>Vaikka toiseen kaupunkiin<br>En tahtois my\u00f6nt\u00e4\u00e4, mutta pakko tunnustaa:<br>mua kyll\u00e4 hiukan pelottaa<br>   <br>2.<br>Hei musta koira palaa is\u00e4nt\u00e4si luo<br>valkoinen valhe mulle suo.<br>Sano ett\u00e4 eksyit outoon hotelliin<br>ja siksi n\u00e4m\u00e4 treffit peruttiin.<br><br>BRIDGE<br>Ainahan voit tulla uudestaan<br>minut l\u00f6yd\u00e4t koska vaan<br><br>KERTSI<br>Hei musta koira<br>Hei musta koira<br>kaikki tiet\u00e4\u00e4 sen<br>koira ja ihminen<br>kavereita vanhastaan<br>ja is\u00e4nt\u00e4\u00e4si haukutaan<br><br>3.<br>Kai me sent\u00e4\u00e4n yst\u00e4vin\u00e4 erotaan?<br>Ja yksi malja otetaan?<br>Niin harva sulle t\u00e4\u00e4ll\u00e4 vett\u00e4 tarjoaa,  <br>kun kaikki sinut tunnistaa.<br><br>KERTSI<br><br>CODA:<br>Viel\u00e4 joskus sinut k\u00e4ym\u00e4\u00e4n haluan<br>Ja kanssas luita kaluan<br><br>all rights reserved \/ penjaq == Pentti Kuvaja ==<\/pre>\n","protected":false},"excerpt":{"rendered":"<p>Soinnut Hei musta koira jatka matkaa eik\u00f6 niinVaikka toiseen kaupunkiinEn tahtois my\u00f6nt\u00e4\u00e4, [&hellip;]<\/p>\n","protected":false},"author":1,"featured_media":0,"parent":0,"menu_order":0,"comment_status":"closed","ping_status":"closed","template":"","meta":{"footnotes":""},"class_list":["post-272","page","type-page","status-publish","hentry"],"_links":{"self":[{"href":"https:\/\/penjaq.fi\/musiikki\/wp-json\/wp\/v2\/pages\/272","targetHints":{"allow":["GET"]}}],"collection":[{"href":"https:\/\/penjaq.fi\/musiikki\/wp-json\/wp\/v2\/pages"}],"about":[{"href":"https:\/\/penjaq.fi\/musiikki\/wp-json\/wp\/v2\/types\/page"}],"author":[{"embeddable":true,"href":"https:\/\/penjaq.fi\/musiikki\/wp-json\/wp\/v2\/users\/1"}],"replies":[{"embeddable":true,"href":"https:\/\/penjaq.fi\/musiikki\/wp-json\/wp\/v2\/comments?post=272"}],"version-history":[{"count":1,"href":"https:\/\/penjaq.fi\/musiikki\/wp-json\/wp\/v2\/pages\/272\/revisions"}],"predecessor-version":[{"id":273,"href":"https:\/\/penjaq.fi\/musiikki\/wp-json\/wp\/v2\/pages\/272\/revisions\/273"}],"wp:attachment":[{"href":"https:\/\/penjaq.fi\/musiikki\/wp-json\/wp\/v2\/media?parent=272"}],"curies":[{"name":"wp","href":"https:\/\/api.w.org\/{rel}","templated":true}]}}