{"id":269,"date":"2025-03-02T15:28:34","date_gmt":"2025-03-02T15:28:34","guid":{"rendered":"https:\/\/penjaq.fi\/musiikki\/?page_id=269"},"modified":"2025-05-24T18:17:51","modified_gmt":"2025-05-24T18:17:51","slug":"farkunsininen-2","status":"publish","type":"page","link":"https:\/\/penjaq.fi\/musiikki\/farkunsininen-2\/","title":{"rendered":"Farkunsininen (sanat)"},"content":{"rendered":"\n<p><a href=\"https:\/\/penjaq.fi\/musiikki\/farkunsininen\/\" data-type=\"page\" data-id=\"98\">Soinnut<\/a><\/p>\n\n\n\n<pre class=\"wp-block-preformatted\">Vain muutaman asian tarvitsen, <br>ett\u00e4 olen onnellinen:<br>Jalat kuivat ja syd\u00e4n t\u00e4ys <br>j\u00e4lkeen sateiden.<br><br>Avataan se laatikkoviini, kun <br>tuoksuu jasmiini ja<br>Farkunsininen on elokuu<br><br>Avataan se laatikkoviini, kun <br>tuoksuu jasmiini ja<br>Farkunsininen on elokuu<br><br>Ja niin yksi toive toteutuu<br><br>Vain muutaman asian tarvitsen, <br>ett\u00e4 olen onnellinen:<br>Tuuli hiuksesi sekoittaa <br>niin kuin kujeillen.<br>Kiiltomatojen <br>show on pienimuotoinen ja<br>Farkunsininen on elokuu<br>Kiiltomatojen <br>show on pienimuotoinen ja<br>Farkunsininen on elokuu<br><br>Soitetaanko Juicen I love you?<br><br>Vain muutaman asian tarvitsen, <br>ett\u00e4 olen onnellinen:<br>Kaunis oli eilinen,<br>Nyt alkaa huominen<br><br>Koiranunta vaan<br>Nukkuu koira kopissaan ja<br>Farkunsininen on elokuu<br>Koiranunta vaan<br>Nukkuu koira kopissaan ja<br>Farkunsininen on elokuu<br><br>Niin yksi toive toteutuu<br><br>Avataan se laatikkoviini, kun tuoksuu jasmiini ja<br>Farkunsininen on elokuu<br>Avataan se laatikkoviini, kun tuoksuu jasmiini ja<br>Farkunsininen on elokuu<br><br>Taas yksi taika tapahtuu<br><br>all rights reserved == penjaq Pentti Kuvaja ==<br><\/pre>\n","protected":false},"excerpt":{"rendered":"<p>Soinnut Vain muutaman asian tarvitsen, ett\u00e4 olen onnellinen:Jalat kuivat ja syd\u00e4n t\u00e4ys [&hellip;]<\/p>\n","protected":false},"author":1,"featured_media":0,"parent":0,"menu_order":0,"comment_status":"closed","ping_status":"closed","template":"","meta":{"footnotes":""},"class_list":["post-269","page","type-page","status-publish","hentry"],"_links":{"self":[{"href":"https:\/\/penjaq.fi\/musiikki\/wp-json\/wp\/v2\/pages\/269","targetHints":{"allow":["GET"]}}],"collection":[{"href":"https:\/\/penjaq.fi\/musiikki\/wp-json\/wp\/v2\/pages"}],"about":[{"href":"https:\/\/penjaq.fi\/musiikki\/wp-json\/wp\/v2\/types\/page"}],"author":[{"embeddable":true,"href":"https:\/\/penjaq.fi\/musiikki\/wp-json\/wp\/v2\/users\/1"}],"replies":[{"embeddable":true,"href":"https:\/\/penjaq.fi\/musiikki\/wp-json\/wp\/v2\/comments?post=269"}],"version-history":[{"count":9,"href":"https:\/\/penjaq.fi\/musiikki\/wp-json\/wp\/v2\/pages\/269\/revisions"}],"predecessor-version":[{"id":368,"href":"https:\/\/penjaq.fi\/musiikki\/wp-json\/wp\/v2\/pages\/269\/revisions\/368"}],"wp:attachment":[{"href":"https:\/\/penjaq.fi\/musiikki\/wp-json\/wp\/v2\/media?parent=269"}],"curies":[{"name":"wp","href":"https:\/\/api.w.org\/{rel}","templated":true}]}}