{"id":262,"date":"2025-03-02T15:17:58","date_gmt":"2025-03-02T15:17:58","guid":{"rendered":"https:\/\/penjaq.fi\/musiikki\/?page_id=262"},"modified":"2025-12-04T11:42:43","modified_gmt":"2025-12-04T11:42:43","slug":"laulutekstit","status":"publish","type":"page","link":"https:\/\/penjaq.fi\/musiikki\/laulutekstit\/","title":{"rendered":"Laulutekstit"},"content":{"rendered":"\n<p><a href=\"https:\/\/penjaq.fi\/musiikki\/lauluteksteja\/\" data-type=\"page\" data-id=\"38\">TEKSTIT + SOINNUT<\/a><\/p>\n\n\n\n<p><a href=\"https:\/\/penjaq.fi\/musiikki\/ehka-joskus-sanat\/\" data-type=\"page\" data-id=\"255\">Ehk\u00e4 joskus<\/a><\/p>\n\n\n\n<p><a href=\"https:\/\/penjaq.fi\/musiikki\/enkelit-sanat\/\" data-type=\"page\" data-id=\"257\">Enkelit<\/a><\/p>\n\n\n\n<p><a href=\"https:\/\/penjaq.fi\/musiikki\/ensimmainen-paiva-sanat\/\" data-type=\"page\" data-id=\"259\">Ensimm\u00e4inen p\u00e4iv\u00e4<\/a><\/p>\n\n\n\n<p><a href=\"https:\/\/penjaq.fi\/musiikki\/farkunsininen-2\/\" data-type=\"page\" data-id=\"269\">Farkunsininen<\/a><\/p>\n\n\n\n<p><a href=\"https:\/\/penjaq.fi\/musiikki\/hei-musta-koira-2\/\" data-type=\"page\" data-id=\"272\">Hei musta koira<\/a><\/p>\n\n\n\n<p><a href=\"https:\/\/penjaq.fi\/musiikki\/jumala-kirkkonummi-ja-espoo-sanat\/\" data-type=\"page\" data-id=\"274\">Jumala, Kirkkonummi ja Espoo<\/a><\/p>\n\n\n\n<p><a href=\"https:\/\/penjaq.fi\/musiikki\/jumalan-valepuvut-sanat\/\" data-type=\"page\" data-id=\"276\">Jumalan valepuvut<\/a><\/p>\n\n\n\n<p><a href=\"https:\/\/penjaq.fi\/musiikki\/karjaportintie-sanat\/\" data-type=\"page\" data-id=\"278\">Karjaportintie<\/a><\/p>\n\n\n\n<p><a href=\"https:\/\/penjaq.fi\/musiikki\/kuin-terasjaa-sanat\/\" data-type=\"page\" data-id=\"280\">Kuin ter\u00e4sj\u00e4\u00e4<\/a><\/p>\n\n\n\n<p><a href=\"https:\/\/penjaq.fi\/musiikki\/kuu-laula-mut-uneen-sanat\/\" data-type=\"page\" data-id=\"282\">Kuu, laula mut uneen<\/a><\/p>\n\n\n\n<p><a href=\"https:\/\/penjaq.fi\/musiikki\/kynttilat-sanat\/\" data-type=\"page\" data-id=\"516\">Kynttil\u00e4t<\/a><\/p>\n\n\n\n<p><a href=\"https:\/\/penjaq.fi\/musiikki\/lasinkirkas-yo-sanat\/\" data-type=\"page\" data-id=\"284\">Lasinkirkas y\u00f6<\/a><\/p>\n\n\n\n<p><a href=\"https:\/\/penjaq.fi\/musiikki\/maailman-vahvin-tuuli-sanat\/\" data-type=\"page\" data-id=\"286\">Maailman vahvin tuuli<\/a> (Four Strong Winds) Ep\u00e4virallinen k\u00e4\u00e4nn\u00f6s<\/p>\n\n\n\n<p><a href=\"https:\/\/penjaq.fi\/musiikki\/oulu-1975-sanat\/\" data-type=\"page\" data-id=\"288\">Oulu 1975 (oisin voinut olla hippi)<\/a><\/p>\n\n\n\n<p><a href=\"https:\/\/penjaq.fi\/musiikki\/rakkauden-naytelma-sanat\/\" data-type=\"page\" data-id=\"290\">Rakkauden n\u00e4ytelm\u00e4<\/a><\/p>\n\n\n\n<p><a href=\"https:\/\/penjaq.fi\/musiikki\/uudisraivaan-sanat\/\" data-type=\"page\" data-id=\"292\">Uudisraivaan<\/a><\/p>\n","protected":false},"excerpt":{"rendered":"<p>TEKSTIT + SOINNUT Ehk\u00e4 joskus Enkelit Ensimm\u00e4inen p\u00e4iv\u00e4 Farkunsininen Hei musta koira [&hellip;]<\/p>\n","protected":false},"author":1,"featured_media":0,"parent":0,"menu_order":0,"comment_status":"closed","ping_status":"closed","template":"","meta":{"footnotes":""},"class_list":["post-262","page","type-page","status-publish","hentry"],"_links":{"self":[{"href":"https:\/\/penjaq.fi\/musiikki\/wp-json\/wp\/v2\/pages\/262","targetHints":{"allow":["GET"]}}],"collection":[{"href":"https:\/\/penjaq.fi\/musiikki\/wp-json\/wp\/v2\/pages"}],"about":[{"href":"https:\/\/penjaq.fi\/musiikki\/wp-json\/wp\/v2\/types\/page"}],"author":[{"embeddable":true,"href":"https:\/\/penjaq.fi\/musiikki\/wp-json\/wp\/v2\/users\/1"}],"replies":[{"embeddable":true,"href":"https:\/\/penjaq.fi\/musiikki\/wp-json\/wp\/v2\/comments?post=262"}],"version-history":[{"count":6,"href":"https:\/\/penjaq.fi\/musiikki\/wp-json\/wp\/v2\/pages\/262\/revisions"}],"predecessor-version":[{"id":528,"href":"https:\/\/penjaq.fi\/musiikki\/wp-json\/wp\/v2\/pages\/262\/revisions\/528"}],"wp:attachment":[{"href":"https:\/\/penjaq.fi\/musiikki\/wp-json\/wp\/v2\/media?parent=262"}],"curies":[{"name":"wp","href":"https:\/\/api.w.org\/{rel}","templated":true}]}}