{"id":259,"date":"2025-03-02T15:12:01","date_gmt":"2025-03-02T15:12:01","guid":{"rendered":"https:\/\/penjaq.fi\/musiikki\/?page_id=259"},"modified":"2025-03-02T15:12:01","modified_gmt":"2025-03-02T15:12:01","slug":"ensimmainen-paiva-sanat","status":"publish","type":"page","link":"https:\/\/penjaq.fi\/musiikki\/ensimmainen-paiva-sanat\/","title":{"rendered":"Ensimm\u00e4inen p\u00e4iv\u00e4 (sanat)"},"content":{"rendered":"\n<p><a href=\"https:\/\/penjaq.fi\/musiikki\/ensimmainen-paiva\/\" data-type=\"page\" data-id=\"88\">Soinnut<\/a><\/p>\n\n\n\n<pre class=\"wp-block-preformatted\">A1:<br>    Jos itse en muista, muistuta mua, ett\u00e4<br>    hetkest\u00e4 toiseen m\u00e4 saan rakastua.<br>    Muistuta kunnes muistan m\u00e4 sen: me <br>    el\u00e4mme saarella onnellisten.<br>    Pienist\u00e4 j\u00e4ljist\u00e4 korallien<br>    me l\u00f6yd\u00e4mme p\u00e4iv\u00e4n ensimm\u00e4isen.<br>A2:<br>    N\u00e4enk\u00f6 suurta suunnitelmaa?<br>    Kohtaloa? tai sattumaa?<br>    me olemme tuhkaa aurinkojen<br>    rakennusainetta maailmojen<br>    ja j\u00e4lkeen vuosimiljoonien<br>    joku l\u00f6yt\u00e4\u00e4 p\u00e4iv\u00e4n ensimm\u00e4isen<br><br>A3<br>    Jos itse en muista, muistuta mua, my\u00f6s<br>    liiasta valosta voi sokeutua. Y\u00f6n<br>    viile\u00e4t varjot ne mua lohduttaa. Ja<br>    valo on j\u00e4lleen niin rauhaisaa.<br>    Taas silm\u00e4ni avaan ihmetellen  <br>    ja aloitan p\u00e4iv\u00e4n ensimm\u00e4isen<br><br>all rights reserved \/ penjaq == Pentti Kuvaja ==<\/pre>\n","protected":false},"excerpt":{"rendered":"<p>Soinnut A1: Jos itse en muista, muistuta mua, ett\u00e4 hetkest\u00e4 toiseen m\u00e4 [&hellip;]<\/p>\n","protected":false},"author":1,"featured_media":0,"parent":0,"menu_order":0,"comment_status":"closed","ping_status":"closed","template":"","meta":{"footnotes":""},"class_list":["post-259","page","type-page","status-publish","hentry"],"_links":{"self":[{"href":"https:\/\/penjaq.fi\/musiikki\/wp-json\/wp\/v2\/pages\/259","targetHints":{"allow":["GET"]}}],"collection":[{"href":"https:\/\/penjaq.fi\/musiikki\/wp-json\/wp\/v2\/pages"}],"about":[{"href":"https:\/\/penjaq.fi\/musiikki\/wp-json\/wp\/v2\/types\/page"}],"author":[{"embeddable":true,"href":"https:\/\/penjaq.fi\/musiikki\/wp-json\/wp\/v2\/users\/1"}],"replies":[{"embeddable":true,"href":"https:\/\/penjaq.fi\/musiikki\/wp-json\/wp\/v2\/comments?post=259"}],"version-history":[{"count":1,"href":"https:\/\/penjaq.fi\/musiikki\/wp-json\/wp\/v2\/pages\/259\/revisions"}],"predecessor-version":[{"id":260,"href":"https:\/\/penjaq.fi\/musiikki\/wp-json\/wp\/v2\/pages\/259\/revisions\/260"}],"wp:attachment":[{"href":"https:\/\/penjaq.fi\/musiikki\/wp-json\/wp\/v2\/media?parent=259"}],"curies":[{"name":"wp","href":"https:\/\/api.w.org\/{rel}","templated":true}]}}