{"id":255,"date":"2025-03-02T15:06:42","date_gmt":"2025-03-02T15:06:42","guid":{"rendered":"https:\/\/penjaq.fi\/musiikki\/?page_id=255"},"modified":"2025-09-24T15:14:35","modified_gmt":"2025-09-24T15:14:35","slug":"ehka-joskus-sanat","status":"publish","type":"page","link":"https:\/\/penjaq.fi\/musiikki\/ehka-joskus-sanat\/","title":{"rendered":"Ehk\u00e4 joskus (sanat)"},"content":{"rendered":"\n<p><a href=\"https:\/\/penjaq.fi\/musiikki\/ehka-joskus\/\" data-type=\"page\" data-id=\"137\">Soinnut<\/a><\/p>\n\n\n\n<pre class=\"wp-block-preformatted\"><br>ehk\u00e4 joskus yhden kerran min\u00e4 my\u00f6s innostun<br>ehk\u00e4 kahden tunnin verran aivan riehaannun<br>silloin harmaan sek\u00e4 peesin vaihdan keltaiseen<br>melko varmaan riimin freesin l\u00f6yd\u00e4n joka s\u00e4keeseen<br>joskus varmaan vaan ei nyt    <br><br>ehk\u00e4 joskus umpihankeen ladun aukaisen<br>ehk\u00e4 joskus rautakankeen kielen lipaisen<br>varovainen riskinotto saattaa kannattaa<br>arkip\u00e4iv\u00e4n viking-lotto antaa sivuosumaa<br>joskus varmaan vaan ei nyt<br>suunta selvill\u00e4 ja mieli tyyntynyt<br>joskus varmaan vaan ei nyt<br><br>joskus varmaan vaan ei nyt    <br><br>ehk\u00e4 joskus sivutiell\u00e4 ihmeen todistan<br>ehk\u00e4 joskus ehk\u00e4 viel\u00e4 uskon vahvistan<br>ett\u00e4 jossain jokin pieni jotain suurta selitt\u00e4\u00e4<br>silloin minun sivutieni matkan siihen lyhent\u00e4\u00e4<br><br>joskus varmaan vaan ei nyt    <br><br><br>all rights reserved \/ penjaq == Pentti Kuvaja ==<\/pre>\n","protected":false},"excerpt":{"rendered":"<p>Soinnut ehk\u00e4 joskus yhden kerran min\u00e4 my\u00f6s innostunehk\u00e4 kahden tunnin verran aivan [&hellip;]<\/p>\n","protected":false},"author":1,"featured_media":0,"parent":0,"menu_order":0,"comment_status":"closed","ping_status":"closed","template":"","meta":{"footnotes":""},"class_list":["post-255","page","type-page","status-publish","hentry"],"_links":{"self":[{"href":"https:\/\/penjaq.fi\/musiikki\/wp-json\/wp\/v2\/pages\/255","targetHints":{"allow":["GET"]}}],"collection":[{"href":"https:\/\/penjaq.fi\/musiikki\/wp-json\/wp\/v2\/pages"}],"about":[{"href":"https:\/\/penjaq.fi\/musiikki\/wp-json\/wp\/v2\/types\/page"}],"author":[{"embeddable":true,"href":"https:\/\/penjaq.fi\/musiikki\/wp-json\/wp\/v2\/users\/1"}],"replies":[{"embeddable":true,"href":"https:\/\/penjaq.fi\/musiikki\/wp-json\/wp\/v2\/comments?post=255"}],"version-history":[{"count":2,"href":"https:\/\/penjaq.fi\/musiikki\/wp-json\/wp\/v2\/pages\/255\/revisions"}],"predecessor-version":[{"id":381,"href":"https:\/\/penjaq.fi\/musiikki\/wp-json\/wp\/v2\/pages\/255\/revisions\/381"}],"wp:attachment":[{"href":"https:\/\/penjaq.fi\/musiikki\/wp-json\/wp\/v2\/media?parent=255"}],"curies":[{"name":"wp","href":"https:\/\/api.w.org\/{rel}","templated":true}]}}