{"id":246,"date":"2025-02-24T15:32:25","date_gmt":"2025-02-24T15:32:25","guid":{"rendered":"https:\/\/penjaq.fi\/musiikki\/?page_id=246"},"modified":"2026-01-13T11:17:18","modified_gmt":"2026-01-13T11:17:18","slug":"karjaportintie-2025-versio","status":"publish","type":"page","link":"https:\/\/penjaq.fi\/musiikki\/karjaportintie-2025-versio\/","title":{"rendered":"Karjaportintie"},"content":{"rendered":"\n<pre class=\"wp-block-preformatted\">KARJAPORTINTIE<br>A1:<br>    G            F            Dm<br>Sen kodin miehet korpeen rakensi<br>     G          F              Dm<br>Niin toimittaja lehteen kirjoitti<br>Em           Dm         Am  <br>Naiset piti yll\u00e4 huushollin<br>          Dm                   Dm          C<br>Ja min\u00e4, valokuvaa varten muka jotain touhusin<br><br>A2:<br>Siell\u00e4 Haukansilm\u00e4 nuolet teroitti<br>Ja paaluvarustusta puolusti<br>Siell\u00e4 Ontarion rajaseudulla<br>Karjaportie vain katkoviiva kartalla<br><br>CHORUS: <br>     C           Dm         Am <br>K\u00e4yn Karjaportintielle takaisin<br>          Dm                       Am            <br>Ja vaikka vannoin etten hukuta sua n\u00e4ihin muistoihin<br>Dm                     Am<br>Teen sen tietenkin...  Teen sen kuitenkin...<br>Dm   Am<br><br>A3:<br>Koulutielle niin kuin toisetkin<br>veti vetovoima henkselin.<br>Muistan Lutherin ja L\u00f6nnrotin<br>J\u00e4lki-istunnossa joskus heit\u00e4 tervehdin<br>A4:<br>Opetukset varmaan unohdin<br>Kun reksin kansliasta palasin<br>Savumerkit kaukaa huomasin<br>Yli Ontarion Kuulin kutsuhuudon huronin<br><br>BRIDGE<br>Dm<br>Kun lukutoukan suurin huvitus<br>Oli Kansan Tahdon sarjakuvitus<br>Niin pipo muuttui kotkansuliksi<br>              D#m     Am<br>Ja Paskalampi Ontarioksi<br><br>CHORUS<br>A5:<br>On koulu saanut uuden el\u00e4m\u00e4n<br>Ja Paskalampi nimen siistimm\u00e4n<br>On Haukansilm\u00e4n nuolet tylsyneet<br>Ja Ontarion aallot tyyntyneet<br><br>CHORUS<br><br><\/pre>\n","protected":false},"excerpt":{"rendered":"<p>KARJAPORTINTIEA1: G F DmSen kodin miehet korpeen rakensi G F DmNiin toimittaja [&hellip;]<\/p>\n","protected":false},"author":1,"featured_media":0,"parent":0,"menu_order":0,"comment_status":"closed","ping_status":"closed","template":"","meta":{"footnotes":""},"class_list":["post-246","page","type-page","status-publish","hentry"],"_links":{"self":[{"href":"https:\/\/penjaq.fi\/musiikki\/wp-json\/wp\/v2\/pages\/246","targetHints":{"allow":["GET"]}}],"collection":[{"href":"https:\/\/penjaq.fi\/musiikki\/wp-json\/wp\/v2\/pages"}],"about":[{"href":"https:\/\/penjaq.fi\/musiikki\/wp-json\/wp\/v2\/types\/page"}],"author":[{"embeddable":true,"href":"https:\/\/penjaq.fi\/musiikki\/wp-json\/wp\/v2\/users\/1"}],"replies":[{"embeddable":true,"href":"https:\/\/penjaq.fi\/musiikki\/wp-json\/wp\/v2\/comments?post=246"}],"version-history":[{"count":12,"href":"https:\/\/penjaq.fi\/musiikki\/wp-json\/wp\/v2\/pages\/246\/revisions"}],"predecessor-version":[{"id":623,"href":"https:\/\/penjaq.fi\/musiikki\/wp-json\/wp\/v2\/pages\/246\/revisions\/623"}],"wp:attachment":[{"href":"https:\/\/penjaq.fi\/musiikki\/wp-json\/wp\/v2\/media?parent=246"}],"curies":[{"name":"wp","href":"https:\/\/api.w.org\/{rel}","templated":true}]}}