{"id":23,"date":"2024-07-19T11:53:36","date_gmt":"2024-07-19T11:53:36","guid":{"rendered":"https:\/\/penjaq.fi\/musiikki\/?page_id=23"},"modified":"2025-12-06T09:27:08","modified_gmt":"2025-12-06T09:27:08","slug":"penja-q","status":"publish","type":"page","link":"https:\/\/penjaq.fi\/musiikki\/penja-q\/","title":{"rendered":"Penja Q, lyhyesti"},"content":{"rendered":"\n<p>Olen Penja Q, arkinimelt\u00e4ni Pentti Kuvaja. Olen espoolainen musiikintekij\u00e4.<\/p>\n\n\n\n<p>N\u00e4ill\u00e4 sivuilla esitell\u00e4\u00e4n musiikkituotantoani, yksin ja yhdess\u00e4 Juha K\u00e4rkk\u00e4isen tai <a href=\"https:\/\/www.sompasaarimusic.com\/\">Sompasaari-kollektiivin<\/a> kanssa.<\/p>\n\n\n\n<p>Oman musiikin tekoon innosti Espoon ty\u00f6v\u00e4enopiston, Omnian, monenlaiset musiikkikurssit kuten Biisintekoklubi, Musiikin taiteen perusopinnot ja kitara-, laulu- ja esiintymiskurssit.<\/p>\n\n\n\n<p>Tervetuloa n\u00e4ille sivuille! Ihmetell\u00e4\u00e4n musiikin kummallista maailmaa yhdess\u00e4.<\/p>\n\n\n\n<p><\/p>\n","protected":false},"excerpt":{"rendered":"<p>Olen Penja Q, arkinimelt\u00e4ni Pentti Kuvaja. Olen espoolainen musiikintekij\u00e4. N\u00e4ill\u00e4 sivuilla esitell\u00e4\u00e4n [&hellip;]<\/p>\n","protected":false},"author":1,"featured_media":399,"parent":0,"menu_order":0,"comment_status":"closed","ping_status":"closed","template":"","meta":{"footnotes":""},"class_list":["post-23","page","type-page","status-publish","has-post-thumbnail","hentry"],"_links":{"self":[{"href":"https:\/\/penjaq.fi\/musiikki\/wp-json\/wp\/v2\/pages\/23","targetHints":{"allow":["GET"]}}],"collection":[{"href":"https:\/\/penjaq.fi\/musiikki\/wp-json\/wp\/v2\/pages"}],"about":[{"href":"https:\/\/penjaq.fi\/musiikki\/wp-json\/wp\/v2\/types\/page"}],"author":[{"embeddable":true,"href":"https:\/\/penjaq.fi\/musiikki\/wp-json\/wp\/v2\/users\/1"}],"replies":[{"embeddable":true,"href":"https:\/\/penjaq.fi\/musiikki\/wp-json\/wp\/v2\/comments?post=23"}],"version-history":[{"count":6,"href":"https:\/\/penjaq.fi\/musiikki\/wp-json\/wp\/v2\/pages\/23\/revisions"}],"predecessor-version":[{"id":476,"href":"https:\/\/penjaq.fi\/musiikki\/wp-json\/wp\/v2\/pages\/23\/revisions\/476"}],"wp:featuredmedia":[{"embeddable":true,"href":"https:\/\/penjaq.fi\/musiikki\/wp-json\/wp\/v2\/media\/399"}],"wp:attachment":[{"href":"https:\/\/penjaq.fi\/musiikki\/wp-json\/wp\/v2\/media?parent=23"}],"curies":[{"name":"wp","href":"https:\/\/api.w.org\/{rel}","templated":true}]}}