{"id":226,"date":"2024-12-10T10:51:40","date_gmt":"2024-12-10T10:51:40","guid":{"rendered":"https:\/\/penjaq.fi\/musiikki\/?page_id=226"},"modified":"2026-01-06T15:31:49","modified_gmt":"2026-01-06T15:31:49","slug":"kuu-laula-mut-uneen","status":"publish","type":"page","link":"https:\/\/penjaq.fi\/musiikki\/kuu-laula-mut-uneen\/","title":{"rendered":"Kuu, laula mut uneen"},"content":{"rendered":"\n<pre class=\"wp-block-preformatted\">KUU, LAULA MUT UNEEN<br><br>Gm           F            Eb        Dm<br>Marjapensaan varjo hiipii roskakatokseen,<br>Cm        Eb          F        Eb   Dm<br>avaa lehtilaatikon ja nappaa menovinkin.<br>Cm         Dm           Cm             Dm<br>Taksi ajaa kadun p\u00e4\u00e4st\u00e4 p\u00e4\u00e4h\u00e4n, p\u00e4\u00e4st\u00e4 p\u00e4\u00e4h\u00e4n<br><br>    Gm           F          Eb        Dm<br>Kun luottaa johdatukseen ja navigaattoriin,<br>   Cm        Eb          F        Eb Dm<br>ei eksy en\u00e4\u00e4 koskaan, ei t\u00e4h\u00e4n kaupunkiin.<br><br>   Gm             Dm     Cm<br>Oi kuu, laula mut uneen, kuu<br><br><br>Yksin\u00e4inen j\u00e4nis hetken valokeilassa<br>yleis\u00f6lle kumartaa ja heitt\u00e4\u00e4 lentosuukon.<br>Taksi poistuu hiljaa n\u00e4ytt\u00e4m\u00f6lt\u00e4.<br>Niin valot katoaa ja kohta lumi peitt\u00e4\u00e4 maan.<br>Miten lyhyt matka t\u00e4st\u00e4 onkaan Narniaan!<br><br>Oi kuu, laula itsesi uneen<br><br>Oi kuu, laula itsesi uneen<br>Oi kuu, laula itsesi uneen<br><br>all rights reserved \/ penjaq == Pentti Kuvaja ==<br><\/pre>\n","protected":false},"excerpt":{"rendered":"<p>KUU, LAULA MUT UNEENGm F Eb DmMarjapensaan varjo hiipii roskakatokseen,Cm Eb F [&hellip;]<\/p>\n","protected":false},"author":1,"featured_media":0,"parent":0,"menu_order":0,"comment_status":"closed","ping_status":"closed","template":"","meta":{"footnotes":""},"class_list":["post-226","page","type-page","status-publish","hentry"],"_links":{"self":[{"href":"https:\/\/penjaq.fi\/musiikki\/wp-json\/wp\/v2\/pages\/226","targetHints":{"allow":["GET"]}}],"collection":[{"href":"https:\/\/penjaq.fi\/musiikki\/wp-json\/wp\/v2\/pages"}],"about":[{"href":"https:\/\/penjaq.fi\/musiikki\/wp-json\/wp\/v2\/types\/page"}],"author":[{"embeddable":true,"href":"https:\/\/penjaq.fi\/musiikki\/wp-json\/wp\/v2\/users\/1"}],"replies":[{"embeddable":true,"href":"https:\/\/penjaq.fi\/musiikki\/wp-json\/wp\/v2\/comments?post=226"}],"version-history":[{"count":5,"href":"https:\/\/penjaq.fi\/musiikki\/wp-json\/wp\/v2\/pages\/226\/revisions"}],"predecessor-version":[{"id":612,"href":"https:\/\/penjaq.fi\/musiikki\/wp-json\/wp\/v2\/pages\/226\/revisions\/612"}],"wp:attachment":[{"href":"https:\/\/penjaq.fi\/musiikki\/wp-json\/wp\/v2\/media?parent=226"}],"curies":[{"name":"wp","href":"https:\/\/api.w.org\/{rel}","templated":true}]}}