{"id":149,"date":"2024-09-12T12:29:00","date_gmt":"2024-09-12T12:29:00","guid":{"rendered":"https:\/\/penjaq.fi\/musiikki\/?page_id=149"},"modified":"2025-01-06T14:41:22","modified_gmt":"2025-01-06T14:41:22","slug":"uudisraivaan","status":"publish","type":"page","link":"https:\/\/penjaq.fi\/musiikki\/uudisraivaan\/","title":{"rendered":"Uudisraivaan"},"content":{"rendered":"\n<pre class=\"wp-block-preformatted\">A1:<br>C     Cadd9    C      Em7\/H<br>Tulin polkujen risteykseen<br>                   Am<br>Otin v\u00e4hemm\u00e4n tallatun<br>Dmaj7                          Em\/H<br>L\u00f6ysin maan \u00e4sken merelt\u00e4 vallatun<br><br>B:<br>Em     Dmaj7<br>kaukaisuuteen,<br>          Em\/H<br>maahan uuuteen<br>       Dmaj7                         Em\/H<br>pienen palstan v\u00e4liin maan ja taivaan <br>     A<br>uudisraivaan<br>Em\/H  A<br>uudisraivaan<br><br>A2:<br>En t\u00e4t\u00e4 l\u00f6yt\u00e4isi uudelleen<br>jos nyt k\u00e4\u00e4ntyisin.<br>Mutta jatkan matkaa varmoin askelin<br><br>B:<br>maahan julmaan,<br>sen koilliskulmaan<br>pienen palstan v\u00e4liin maan ja taivaan <br>uudisraivaan<br>uudisraivaan<br>uudisraivaan<br><br><br><em>all rights reserved \/ penjaq == Pentti Kuvaja ==<\/em><\/pre>\n","protected":false},"excerpt":{"rendered":"<p>A1:C Cadd9 C Em7\/HTulin polkujen risteykseen AmOtin v\u00e4hemm\u00e4n tallatunDmaj7 Em\/HL\u00f6ysin maan \u00e4sken [&hellip;]<\/p>\n","protected":false},"author":1,"featured_media":0,"parent":0,"menu_order":0,"comment_status":"closed","ping_status":"closed","template":"","meta":{"footnotes":""},"class_list":["post-149","page","type-page","status-publish","hentry"],"_links":{"self":[{"href":"https:\/\/penjaq.fi\/musiikki\/wp-json\/wp\/v2\/pages\/149","targetHints":{"allow":["GET"]}}],"collection":[{"href":"https:\/\/penjaq.fi\/musiikki\/wp-json\/wp\/v2\/pages"}],"about":[{"href":"https:\/\/penjaq.fi\/musiikki\/wp-json\/wp\/v2\/types\/page"}],"author":[{"embeddable":true,"href":"https:\/\/penjaq.fi\/musiikki\/wp-json\/wp\/v2\/users\/1"}],"replies":[{"embeddable":true,"href":"https:\/\/penjaq.fi\/musiikki\/wp-json\/wp\/v2\/comments?post=149"}],"version-history":[{"count":5,"href":"https:\/\/penjaq.fi\/musiikki\/wp-json\/wp\/v2\/pages\/149\/revisions"}],"predecessor-version":[{"id":241,"href":"https:\/\/penjaq.fi\/musiikki\/wp-json\/wp\/v2\/pages\/149\/revisions\/241"}],"wp:attachment":[{"href":"https:\/\/penjaq.fi\/musiikki\/wp-json\/wp\/v2\/media?parent=149"}],"curies":[{"name":"wp","href":"https:\/\/api.w.org\/{rel}","templated":true}]}}