{"id":137,"date":"2024-09-09T16:56:06","date_gmt":"2024-09-09T16:56:06","guid":{"rendered":"https:\/\/penjaq.fi\/musiikki\/?page_id=137"},"modified":"2026-01-13T10:00:57","modified_gmt":"2026-01-13T10:00:57","slug":"ehka-joskus","status":"publish","type":"page","link":"https:\/\/penjaq.fi\/musiikki\/ehka-joskus\/","title":{"rendered":"Ehk\u00e4 joskus"},"content":{"rendered":"\n<pre class=\"wp-block-preformatted\">EHK\u00c4 JOSKUS<br>1.<br>     G            C           D7        G<br>ehk\u00e4 joskus yhden kerran min\u00e4 my\u00f6s innostun<br>     G             C      D7           G<br>ehk\u00e4 kahden tunnin verran aivan riehaannun<br>        Em           Am     D7            G<br>silloin harmaan sek\u00e4 peesin vaihdan keltaiseen<br>      Am             G              Am      Em7   G<br>melko varmaan riimin freesin l\u00f6yd\u00e4n joka s\u00e4-kee-  seen<br>C      D               G<br>joskus varmaan vaan ei nyt    <br><br>2.<br>     G          C       D7         G<br>ehk\u00e4 joskus umpihankeen ladun aukaisen<br>     G           C       D7          G<br>ehk\u00e4 joskus rautakankeen kielen lipaisen<br>    Em           Am   D7            G<br>varovainen riskinotto saattaa kannattaa<br>    Am            G           Am    Em7  G<br>arkip\u00e4iv\u00e4n viking-lotto antaa sivuo-su-  maa<br>C      D               G   G   G<br>joskus varmaan vaan ei nyt<br>C      D           G           Em<br>suunta selvill\u00e4 ja mieli tyyntynyt<br>C      D               G<br>joskus varmaan vaan ei nyt<br><br>V\u00c4LIOSA<br>     G    C   D7   G<br>     G    C   D7   G<br>     Em   Am  D7   G<br>     Am   G   Am   G<br><br>     C      D               G<br>     joskus varmaan vaan ei nyt    <br><br>3.<br>     G          C      D7          G<br>ehk\u00e4 joskus sivutiell\u00e4 ihmeen todistan<br>     G           C     D7          G<br>ehk\u00e4 joskus ehk\u00e4 viel\u00e4 uskon vahvistan<br>     Em            Am           D7          G<br>ett\u00e4 jossain jokin pieni jotain suurta selitt\u00e4\u00e4<br>        Am        G            Am        Em7  G<br>silloin minun sivutieni matkan siihen ly-hen- t\u00e4\u00e4<br><br>C      D               G<br>joskus varmaan vaan ei nyt <\/pre>\n","protected":false},"excerpt":{"rendered":"<p>EHK\u00c4 JOSKUS1. G C D7 Gehk\u00e4 joskus yhden kerran min\u00e4 my\u00f6s innostun [&hellip;]<\/p>\n","protected":false},"author":1,"featured_media":0,"parent":0,"menu_order":0,"comment_status":"closed","ping_status":"closed","template":"","meta":{"footnotes":""},"class_list":["post-137","page","type-page","status-publish","hentry"],"_links":{"self":[{"href":"https:\/\/penjaq.fi\/musiikki\/wp-json\/wp\/v2\/pages\/137","targetHints":{"allow":["GET"]}}],"collection":[{"href":"https:\/\/penjaq.fi\/musiikki\/wp-json\/wp\/v2\/pages"}],"about":[{"href":"https:\/\/penjaq.fi\/musiikki\/wp-json\/wp\/v2\/types\/page"}],"author":[{"embeddable":true,"href":"https:\/\/penjaq.fi\/musiikki\/wp-json\/wp\/v2\/users\/1"}],"replies":[{"embeddable":true,"href":"https:\/\/penjaq.fi\/musiikki\/wp-json\/wp\/v2\/comments?post=137"}],"version-history":[{"count":3,"href":"https:\/\/penjaq.fi\/musiikki\/wp-json\/wp\/v2\/pages\/137\/revisions"}],"predecessor-version":[{"id":616,"href":"https:\/\/penjaq.fi\/musiikki\/wp-json\/wp\/v2\/pages\/137\/revisions\/616"}],"wp:attachment":[{"href":"https:\/\/penjaq.fi\/musiikki\/wp-json\/wp\/v2\/media?parent=137"}],"curies":[{"name":"wp","href":"https:\/\/api.w.org\/{rel}","templated":true}]}}