{"id":132,"date":"2024-09-09T16:47:20","date_gmt":"2024-09-09T16:47:20","guid":{"rendered":"https:\/\/penjaq.fi\/musiikki\/?page_id=132"},"modified":"2026-01-16T13:55:19","modified_gmt":"2026-01-16T13:55:19","slug":"kuin-terasjaa","status":"publish","type":"page","link":"https:\/\/penjaq.fi\/musiikki\/kuin-terasjaa\/","title":{"rendered":"Kuin ter\u00e4sj\u00e4\u00e4"},"content":{"rendered":"\n<pre class=\"wp-block-preformatted\">KUIN TER\u00c4SJ\u00c4\u00c4<br><br>Capo 3: Am -> Cm<br><br>A1:<br>Am    G         Em    Am    G <br>Kerro vaan, oon t\u00e4ss\u00e4 vierell\u00e4s,<br>Am    G              Am<br>kerro vaan, m\u00e4 kuuntelen<br>Am   G         Em     Am     G<br>Jutellaan, tai ollaan hiljaa vaan<br>Am   G         Am<br>T\u00e4m\u00e4 ilta yhteinen<br>A2:<br>Am   G      Em     Am  G    <br>Kumpikin on joskus omillaan, <br>Am     G            Am  <br>Omin s\u00e4\u00e4nn\u00f6in, yksintein.<br>Am     G    Em    Am  G<br>Kumpikin on vahva tavallaan:<br>B1:<br>    C                        D<br>Kas heikkous on suurin vahvuutein<br><br>Chorus:<br>C            G       Em         Am<br>T\u00e4ss\u00e4 kohtaa kest\u00e4n, kuin ter\u00e4sj\u00e4\u00e4<br>C            G          Am<br>T\u00e4ll\u00e4 kertaa oon se olkap\u00e4\u00e4<br><br>A3:<br>Antaa lohtusuklaan lohduttaa<br>Antaa viinin l\u00e4mmitt\u00e4\u00e4<br>Ensin SuomiLoven uusintaa<br>B2:<br>T\u00e4\u00e4 uusi kausi on Vain el\u00e4m\u00e4\u00e4<br><br>Chorus * 2<br><\/pre>\n","protected":false},"excerpt":{"rendered":"<p>KUIN TER\u00c4SJ\u00c4\u00c4Capo 3: Am -> CmA1:Am G Em Am G Kerro vaan, [&hellip;]<\/p>\n","protected":false},"author":1,"featured_media":0,"parent":0,"menu_order":0,"comment_status":"closed","ping_status":"closed","template":"","meta":{"footnotes":""},"class_list":["post-132","page","type-page","status-publish","hentry"],"_links":{"self":[{"href":"https:\/\/penjaq.fi\/musiikki\/wp-json\/wp\/v2\/pages\/132","targetHints":{"allow":["GET"]}}],"collection":[{"href":"https:\/\/penjaq.fi\/musiikki\/wp-json\/wp\/v2\/pages"}],"about":[{"href":"https:\/\/penjaq.fi\/musiikki\/wp-json\/wp\/v2\/types\/page"}],"author":[{"embeddable":true,"href":"https:\/\/penjaq.fi\/musiikki\/wp-json\/wp\/v2\/users\/1"}],"replies":[{"embeddable":true,"href":"https:\/\/penjaq.fi\/musiikki\/wp-json\/wp\/v2\/comments?post=132"}],"version-history":[{"count":6,"href":"https:\/\/penjaq.fi\/musiikki\/wp-json\/wp\/v2\/pages\/132\/revisions"}],"predecessor-version":[{"id":629,"href":"https:\/\/penjaq.fi\/musiikki\/wp-json\/wp\/v2\/pages\/132\/revisions\/629"}],"wp:attachment":[{"href":"https:\/\/penjaq.fi\/musiikki\/wp-json\/wp\/v2\/media?parent=132"}],"curies":[{"name":"wp","href":"https:\/\/api.w.org\/{rel}","templated":true}]}}