{"id":127,"date":"2024-09-09T16:14:19","date_gmt":"2024-09-09T16:14:19","guid":{"rendered":"https:\/\/penjaq.fi\/musiikki\/?page_id=127"},"modified":"2026-01-13T10:07:14","modified_gmt":"2026-01-13T10:07:14","slug":"jumala-kirkkonummi-ja-espoo","status":"publish","type":"page","link":"https:\/\/penjaq.fi\/musiikki\/jumala-kirkkonummi-ja-espoo\/","title":{"rendered":"Jumala, Kirkkonummi ja Espoo"},"content":{"rendered":"\n<pre class=\"wp-block-preformatted\">JUMALA, KIRKKONUMMI JA ESPOO<br>(Capo 2)<br>Am              Em<br>Jumala osoitti  lampulla jonnekin<br>G             Am<br>Kirkkonummen  suuntaan<br>     G                      Am<br>N\u00e4in lahden yli oudon n\u00e4ytelm\u00e4n<br>Am               Em<br>tein ensin ristinmerkin<br>   G              Am<br>ja sitten koputin puuta<br>       G                    Am<br>kun en ollut varma oliko se h\u00e4n<br><br>CHORUS:        <br>G      Am            F<br>syksyn taivas, kylm\u00e4 valo<br>       E              Am<br>l\u00e4mmin tuuli ja hiljaisuus<br><br>    Am            Em<br>Oon koiran kanssa lenkill\u00e4 kun <br>G              Am<br>linnut vaihtaa suuntaa<br>     G                          Am<br>N\u00e4en satelliitin radaltaan eksy-neen<br>Am                Em<br>sen viesti on kai vaiennut tai <br>G                  Am<br>vaihtunut matkalla kuun taa<br>        G                       Am<br>ja min\u00e4 itse olen eksynyt Espoo-seen<br><br>Chorus * 2<br><br>CODA<br>Am              Em<br>Jumala osoitti  lampulla jonnekin<br>G             Am<br>Kirkkonummen  suuntaan<br><\/pre>\n","protected":false},"excerpt":{"rendered":"<p>JUMALA, KIRKKONUMMI JA ESPOO(Capo 2)Am EmJumala osoitti lampulla jonnekinG AmKirkkonummen suuntaan G [&hellip;]<\/p>\n","protected":false},"author":1,"featured_media":0,"parent":0,"menu_order":0,"comment_status":"closed","ping_status":"closed","template":"","meta":{"footnotes":""},"class_list":["post-127","page","type-page","status-publish","hentry"],"_links":{"self":[{"href":"https:\/\/penjaq.fi\/musiikki\/wp-json\/wp\/v2\/pages\/127","targetHints":{"allow":["GET"]}}],"collection":[{"href":"https:\/\/penjaq.fi\/musiikki\/wp-json\/wp\/v2\/pages"}],"about":[{"href":"https:\/\/penjaq.fi\/musiikki\/wp-json\/wp\/v2\/types\/page"}],"author":[{"embeddable":true,"href":"https:\/\/penjaq.fi\/musiikki\/wp-json\/wp\/v2\/users\/1"}],"replies":[{"embeddable":true,"href":"https:\/\/penjaq.fi\/musiikki\/wp-json\/wp\/v2\/comments?post=127"}],"version-history":[{"count":5,"href":"https:\/\/penjaq.fi\/musiikki\/wp-json\/wp\/v2\/pages\/127\/revisions"}],"predecessor-version":[{"id":619,"href":"https:\/\/penjaq.fi\/musiikki\/wp-json\/wp\/v2\/pages\/127\/revisions\/619"}],"wp:attachment":[{"href":"https:\/\/penjaq.fi\/musiikki\/wp-json\/wp\/v2\/media?parent=127"}],"curies":[{"name":"wp","href":"https:\/\/api.w.org\/{rel}","templated":true}]}}