{"id":122,"date":"2024-09-09T11:57:51","date_gmt":"2024-09-09T11:57:51","guid":{"rendered":"https:\/\/penjaq.fi\/musiikki\/?page_id=122"},"modified":"2026-01-13T09:49:27","modified_gmt":"2026-01-13T09:49:27","slug":"rakkauden-naytelma","status":"publish","type":"page","link":"https:\/\/penjaq.fi\/musiikki\/rakkauden-naytelma\/","title":{"rendered":"Rakkauden n\u00e4ytelm\u00e4"},"content":{"rendered":"\n<pre class=\"wp-block-preformatted\">RAKKAUDEN N\u00c4YTELM\u00c4<br><br>A1:<br>       Dm<br>h\u00e4n on vuosia ollut sun vierell\u00e4si<br>       Am<br>turhan tuttu ja tuntematon<br>     Dm<br>olet n\u00e4ytellyt roolisi huonosti<br>     Am<br>joka kohtaus on tunteeton<br><br>Em                             Dm<br>valkoiset valheet ja punaiset nauhat<br>Em                          Dm<br>kiihke\u00e4t kirjeet ja salatut muistot<br>   Em                              Dm<br>on aika j\u00e4tt\u00e4\u00e4 ne taakse, polta ne pois<br> <br>A2:<br>et ehk\u00e4 voi saada suurinta rakkauttasi<br>el\u00e4m\u00e4\u00e4n rinnalla sun<br>Mist\u00e4 keksitkin hulluutta ruokkia v\u00e4\u00e4r\u00e4n<br>ja oikean rakastetun?<br>Mutta niin monet raastavat toiveet<br>toisiaan aina kampittaa<br>on aika p\u00e4\u00e4st\u00e4\u00e4 irti, polta ne pois<br><br>A3:<br>             Dm<br>siis rakasta h\u00e4nt\u00e4 sinun vierell\u00e4si<br>       Am<br>h\u00e4n on tuttu ja tuntematon<br>        Dm<br>Pelasta h\u00e4net pelasta itsesi<br>       Am<br>kolmas n\u00e4yt\u00f6s alkanut on<br>    Em                                    Dm<br>jos n\u00e4yttelet, n\u00e4yttele niin ett\u00e4 itsekin uskot<br>Em                        Dm<br>rakasta niin ett\u00e4 enkelit itkee<br>Em                              Dm<br>kipu niin valkoista, pelko niin mustaa<br>Em                            Dm<br>tekojen takana rakkaus kuolematon<br>Em                                Dm<br>On k\u00e4sikirjoitus turha, polta se pois<br><br>         Dm            Am  <br>pelasta h\u00e4net, pelasta itsesi, <br>         Dm            Am  <br>pelasta h\u00e4net, pelasta itsesi, <br>        Dm<br>pelasta h\u00e4net<br><br><\/pre>\n","protected":false},"excerpt":{"rendered":"<p>RAKKAUDEN N\u00c4YTELM\u00c4A1: Dmh\u00e4n on vuosia ollut sun vierell\u00e4si Amturhan tuttu ja tuntematon [&hellip;]<\/p>\n","protected":false},"author":1,"featured_media":0,"parent":0,"menu_order":0,"comment_status":"closed","ping_status":"closed","template":"","meta":{"footnotes":""},"class_list":["post-122","page","type-page","status-publish","hentry"],"_links":{"self":[{"href":"https:\/\/penjaq.fi\/musiikki\/wp-json\/wp\/v2\/pages\/122","targetHints":{"allow":["GET"]}}],"collection":[{"href":"https:\/\/penjaq.fi\/musiikki\/wp-json\/wp\/v2\/pages"}],"about":[{"href":"https:\/\/penjaq.fi\/musiikki\/wp-json\/wp\/v2\/types\/page"}],"author":[{"embeddable":true,"href":"https:\/\/penjaq.fi\/musiikki\/wp-json\/wp\/v2\/users\/1"}],"replies":[{"embeddable":true,"href":"https:\/\/penjaq.fi\/musiikki\/wp-json\/wp\/v2\/comments?post=122"}],"version-history":[{"count":2,"href":"https:\/\/penjaq.fi\/musiikki\/wp-json\/wp\/v2\/pages\/122\/revisions"}],"predecessor-version":[{"id":615,"href":"https:\/\/penjaq.fi\/musiikki\/wp-json\/wp\/v2\/pages\/122\/revisions\/615"}],"wp:attachment":[{"href":"https:\/\/penjaq.fi\/musiikki\/wp-json\/wp\/v2\/media?parent=122"}],"curies":[{"name":"wp","href":"https:\/\/api.w.org\/{rel}","templated":true}]}}