{"id":119,"date":"2024-09-09T11:53:09","date_gmt":"2024-09-09T11:53:09","guid":{"rendered":"https:\/\/penjaq.fi\/musiikki\/?page_id=119"},"modified":"2024-09-09T11:53:10","modified_gmt":"2024-09-09T11:53:10","slug":"oulu-1975","status":"publish","type":"page","link":"https:\/\/penjaq.fi\/musiikki\/oulu-1975\/","title":{"rendered":"Oulu 1975 (oisin voinut olla hippi)"},"content":{"rendered":"\n<pre class=\"wp-block-preformatted\"><br>Em                     Am<br>Toppilan tehtaan haju. Huone Tuirassa.<br>Hm             Am<br>Merikoskenkatu kuus    <br>Em                      Am<br>Kiihke\u00e4 draaman taju jo silloin kukassa.<br>Dm   E7           Am<br>ELP, Yes ja Moody Blues<br><br>Dm                                Am<br>L\u00e4tt\u00e4hatun tuomana Kainuusta maailmalla<br>Dm                                 Am<br>Karjalanpiirakat liiskana paitojen alla<br>Dm          Em                   Am<br>Retukenkien pohjat... puhki tallatut<br><br>Em                   Am<br>Yks-ysi-seitkytviis varmaan oli se vuosi.<br>Hm                  Am<br>Genesis,  ja Steely Dan<br>Em         Am<br>Kaulakoru. Kukkakuosi<br>Dm     E7               Am<br>Dylan, Young ja Van The Man<br><br>Dm                Am<br>Ikkunoina sen aikaj\u00e4nteen<br>Dm                             Am<br>Suurimmat silm\u00e4lasit Kuurnasta l\u00e4nteen<br>Dm                Em                    Am<br>Niin muistelen ja muistostani el\u00e4v\u00e4mm\u00e4n teen<br><br><br>Chorus:<br>      C           G      D    D       D<br>Oisin voinut olla hippi, perustelluin syin<br>      C           G                  Am<br>Oisin voinut olla hippi, mutta my\u00f6h\u00e4styin<br><br>Em               Am<br>Olin kai h\u00e4my. Olin kai aito<br>Hm                 Em<br>Ja rakkauden tunnistin<br>Em          Am<br>Punkkariksi liian maito<br>Dm           E7           Am<br>Kaikenlaisia neuloja pelk\u00e4sin<br><br>Dm                          Am<br>Rockabilly j\u00e4i sekin kokeilematta<br>Dm                       Am<br>Diskoon olin aivan liian matta, kun<br>Dm          Em                   Am<br>Lanteeni ei oikein... taivu lattariin<br><br>Chorus:<br>      C           G      D    D       D<br>Oisin voinut olla hippi, perustelluin syin (*3)<br><br>      C           G                  Am<br>Oisin voinut olla hippi, mutta my\u00f6h\u00e4styin<br><br><em>all rights reserved \/ penjaq == Pentti Kuvaja, 2017 ==<\/em><\/pre>\n","protected":false},"excerpt":{"rendered":"<p>Em AmToppilan tehtaan haju. Huone Tuirassa.Hm AmMerikoskenkatu kuus Em AmKiihke\u00e4 draaman taju [&hellip;]<\/p>\n","protected":false},"author":1,"featured_media":0,"parent":0,"menu_order":0,"comment_status":"closed","ping_status":"closed","template":"","meta":{"footnotes":""},"class_list":["post-119","page","type-page","status-publish","hentry"],"_links":{"self":[{"href":"https:\/\/penjaq.fi\/musiikki\/wp-json\/wp\/v2\/pages\/119","targetHints":{"allow":["GET"]}}],"collection":[{"href":"https:\/\/penjaq.fi\/musiikki\/wp-json\/wp\/v2\/pages"}],"about":[{"href":"https:\/\/penjaq.fi\/musiikki\/wp-json\/wp\/v2\/types\/page"}],"author":[{"embeddable":true,"href":"https:\/\/penjaq.fi\/musiikki\/wp-json\/wp\/v2\/users\/1"}],"replies":[{"embeddable":true,"href":"https:\/\/penjaq.fi\/musiikki\/wp-json\/wp\/v2\/comments?post=119"}],"version-history":[{"count":2,"href":"https:\/\/penjaq.fi\/musiikki\/wp-json\/wp\/v2\/pages\/119\/revisions"}],"predecessor-version":[{"id":121,"href":"https:\/\/penjaq.fi\/musiikki\/wp-json\/wp\/v2\/pages\/119\/revisions\/121"}],"wp:attachment":[{"href":"https:\/\/penjaq.fi\/musiikki\/wp-json\/wp\/v2\/media?parent=119"}],"curies":[{"name":"wp","href":"https:\/\/api.w.org\/{rel}","templated":true}]}}